{"id":1395,"date":"2017-10-09T13:04:37","date_gmt":"2017-10-09T13:04:37","guid":{"rendered":"https:\/\/zvjezdice.hr\/?page_id=1395"},"modified":"2018-02-03T21:39:48","modified_gmt":"2018-02-03T20:39:48","slug":"reviews","status":"publish","type":"page","link":"https:\/\/zvjezdice.hr\/en\/reviews\/","title":{"rendered":"Reviews"},"content":{"rendered":"<p><em>The Zvjezdice girls\u2019 choir has once again lived up to its fine reputation as an exceptionally well-nurtured vocal ensemble, which has enriched and ennobled the concert of the Rucner String Quartet titled Spring.<\/em><br \/>\n<strong>(Vi\u0161nja Po\u017egaj, 2014)<\/strong><\/p>\n<p><em>\u201c&#8230;&#8230;&#8230;. this time, too, the Zagreb Zvjezdice have shone&#8230;\u201d<\/em><br \/>\n<strong>(B. Britten: The War Requiem, 2013)<\/strong><\/p>\n<p><em>\u201c&#8230;&#8230;&#8230;..under the vigilant eye of maestro \u0160ljivac, we underwent a sublime and unforgettable experience. The choir achieved a homogeneous sound within its groups as well as coherence in total, also successfully managing all musical parameters \u2013 clear articulation, intonation, phrasing and dynamic contrasting&#8230;<\/em><br \/>\n<strong>(A Day with the Zvjezdice -2013- Josip Magdi\u0107)<\/strong><\/p>\n<p><em>\u201cThe Zvjezdice girls\u2019 voices transformed the radiant sounds of cosmic music into incredible images that could be seen through the mind\u2019s ear. The audience was amazed, to say the least \u2013 at both the composer\u2019s imagination and the choir\u2019s unparalleled vocal discipline and virtuosity.<\/em><\/p>\n<p><em>By mimicking their celestial sisters (which they were named after), little stars that twinkle even when hidden to the eye, the Zvjezdice have kept the fire of extraordinary music burning for 25 years, passing it from one generation to another and carrying it in their hearts and souls craving for beauty.\u201d<\/em><br \/>\n<strong>Branimir Pofuk, (2004, 2010)<\/strong><\/p>\n<p align=\"justify\"><em>Every encounter with Zvjezdice is truly marvelous and unique&#8230;<\/em><br \/>\n<strong>Nu\u0161a Hauser, &#8220;Glas Istre&#8221;<\/strong><\/p>\n<p align=\"justify\"><em>The girls` voices of the Zvjezdice transformed these rays of cosmic music into incredible images perceived by the ear and eye alike. The audience was, to put it mildly, astounded by the composer\u2019s imagination, and even more by the supreme vocal discipline and virtuosity with which maestro \u0160ljivac and his Zvjezdice transformed &#8220;Orion, Venus, Andromeda&#8221; into the sound and image&#8230;<\/em><br \/>\n<strong>Branimir<\/strong> <strong>Pofuk, &#8220;Jutarnji list&#8221;<\/strong><\/p>\n<p align=\"justify\"><em>This magnificent girls&#8217; choir sings just perfectly, thanks to the skill and artistry of its director, Zdravko \u0160ljivac. This ensemble could and should become one of the best examples of the highest achievements in Zagreb musical life. The Zvjezdice choir has a long and secure future ahead of them.<\/em><br \/>\n<strong>Jagoda Martin\u010devi\u0107, &#8220;Ve\u010dernji list&#8221;<\/strong><\/p>\n<p align=\"justify\"><em>The Zvjezdice are undoubtedly the highest-quality children&#8217;s ensemble we have heard at the \u0160ibenik Festival during the last twenty summers. These singing Zagreb girls perform works by Croatian and foreign composers alike. They begin in pianissimo, achieve brilliant heights in fortissimo, and then nearly vanish again into pianissimo. In works rarely performed by children&#8217;s choirs, their phrasing was flawless and intonation perfect.<\/em><br \/>\n<strong>Zrinka Mikuli\u010din, &#8220;Slobodna Dalmacija&#8221;<\/strong><\/p>\n<p align=\"justify\"><em>The charm of natural musicality that characterizes this children&#8217;s choir should be credited, first and foremost, to its ambitious young conductor. The girls of the Zvjezdice choir filled us with enthusiasm<\/em>.<br \/>\n<strong>Bosiljka Peri\u0107-Kempf, &#8220;Vjesnik&#8221;<\/strong><\/p>\n<p align=\"justify\"><em>The choir presented itself in the best possible light: refined voices of balanced color and sound, careful articulation, clear diction and precise intonation.<\/em><br \/>\n<strong>Vi\u0161nja Po\u017egaj, &#8220;Croatian Radio&#8221;<\/strong><\/p>\n<p align=\"justify\"><em>Truly touched by the beauty of this choir&#8217;s voices, the listeners gave the young girls and their conductor a long warm ovation. It was an unforgettable concert.<\/em><br \/>\n<strong>Unsigned review of a concert in Aubign\u00e9 Racan, France<\/strong><\/p>\n<p align=\"justify\"><em>Shining Little Stars: After this performance in the Prince\u2019s Court, even the most demanding critic would praise their level of artistry. From the voice projection to every detail of vocal technique, the choir mastered it all astonishingly well. The audience gave the young singers and their conductor Zdravko \u0160ljivac a long ovation.<\/em><br \/>\n<strong>Ileana Grazio, &#8220;Dubrova\u010dki list&#8221; \/ &#8220;Vjesnik&#8221;<\/strong><\/p>\n<p align=\"justify\"><em>(&#8230;) The Zvjezdice Choir was brilliant in the full-sounding forte passages, as well as in the soft pianos. The girls sang without the scores, clearly having been excellently coached by the choir&#8217;s founder, Zdravko \u0160ljivac. <\/em><br \/>\n<strong>Nenad Turkalj, &#8220;Vjesnik&#8221; (18. o\u017eujka 2005.)<\/strong><\/p>\n<p align=\"justify\"><em>The brilliant Zvjezdice&#8230; <\/em><br \/>\n<strong>Maja Stanetti, &#8220;Ve\u010dernji list&#8221;<\/strong><\/p>\n","protected":false},"excerpt":{"rendered":"<p>The Zvjezdice girls\u2019 choir has once again lived up to its fine reputation as an exceptionally well-nurtured vocal ensemble, which has enriched and ennobled the concert of the Rucner String Quartet titled Spring. (Vi\u0161nja Po\u017egaj, 2014) \u201c&#8230;&#8230;&#8230;. this time, too, the Zagreb Zvjezdice have shone&#8230;\u201d (B. Britten: The War Requiem, 2013) \u201c&#8230;&#8230;&#8230;..under the vigilant eye<span class=\"read-more\"><a href=\"https:\/\/zvjezdice.hr\/en\/reviews\/\" title=\"Read More\">More<\/a><\/span><\/p>\n","protected":false},"author":1,"featured_media":0,"parent":0,"menu_order":0,"comment_status":"closed","ping_status":"closed","template":"","meta":{"iawp_total_views":14,"footnotes":""},"class_list":["post-1395","page","type-page","status-publish"],"_links":{"self":[{"href":"https:\/\/zvjezdice.hr\/en\/wp-json\/wp\/v2\/pages\/1395","targetHints":{"allow":["GET"]}}],"collection":[{"href":"https:\/\/zvjezdice.hr\/en\/wp-json\/wp\/v2\/pages"}],"about":[{"href":"https:\/\/zvjezdice.hr\/en\/wp-json\/wp\/v2\/types\/page"}],"author":[{"embeddable":true,"href":"https:\/\/zvjezdice.hr\/en\/wp-json\/wp\/v2\/users\/1"}],"replies":[{"embeddable":true,"href":"https:\/\/zvjezdice.hr\/en\/wp-json\/wp\/v2\/comments?post=1395"}],"version-history":[{"count":3,"href":"https:\/\/zvjezdice.hr\/en\/wp-json\/wp\/v2\/pages\/1395\/revisions"}],"predecessor-version":[{"id":2131,"href":"https:\/\/zvjezdice.hr\/en\/wp-json\/wp\/v2\/pages\/1395\/revisions\/2131"}],"wp:attachment":[{"href":"https:\/\/zvjezdice.hr\/en\/wp-json\/wp\/v2\/media?parent=1395"}],"curies":[{"name":"wp","href":"https:\/\/api.w.org\/{rel}","templated":true}]}}