{"id":1393,"date":"2017-10-09T13:03:37","date_gmt":"2017-10-09T13:03:37","guid":{"rendered":"https:\/\/zvjezdice.hr\/?page_id=1393"},"modified":"2018-01-21T16:03:34","modified_gmt":"2018-01-21T15:03:34","slug":"collaboration","status":"publish","type":"page","link":"https:\/\/zvjezdice.hr\/en\/collaboration\/","title":{"rendered":"Collaboration"},"content":{"rendered":"<div class=\"wpb-content-wrapper\">[vc_row][vc_column][vc_column_text]\n<h2>Projects<\/h2>\n[\/vc_column_text][\/vc_column][\/vc_row][vc_row][vc_column width=&#8221;1\/3&#8243;][vc_column_text]Gerald Wirth: &#8220;Misa apostolica&#8221;<br \/>\nJ. Magdi\u0107: &#8220;Fidelissima advocata Croatiae&#8221;<br \/>\nW. A. Mozart: &#8220;Misa brevis in B Major&#8221;, Kv 275<br \/>\nHector Berlioz: &#8220;The Childhood of Christ&#8221;<br \/>\nE. Humperdinck: &#8220;H\u00e4nsel und Gretel&#8221;<br \/>\nFranz Schubert: &#8220;Missa in G Major&#8221;<br \/>\nGabriel Faure: &#8220;Requiem&#8221;<br \/>\nArthur Honegger: &#8220;Christmas Cantata&#8221;<br \/>\nArthur Honegger: &#8220;Jeane D&#8217;arc au Bucher&#8221;<br \/>\nBenjamin Britten: &#8220;War Requiem&#8221;[\/vc_column_text][\/vc_column][vc_column width=&#8221;1\/3&#8221;][vc_column_text]Igor Stravinski: &#8220;Persephone&#8221;<br \/>\nJulije Bajamonti: &#8220;Transfer od St.Domnius&#8221;<br \/>\nArrigo Boitto: &#8220;Mefistofelle&#8221;<br \/>\nIvan Zajc: &#8220;Mislav&#8221;<br \/>\nRichard Wagner: &#8220;Parsifal&#8221;<br \/>\nCarl Orff: &#8220;Carmina Burana&#8221;<br \/>\nGustav Mahler: &#8220;3 rd Symphony in D-minor&#8221;<br \/>\nGustav Mahler: &#8220;8 th Symphony in Es-major&#8221;<br \/>\nG. B. Pergolesi: &#8220;Stabat Mater&#8221;<br \/>\nClaude Debussy: &#8220;Nocturnes&#8221;[\/vc_column_text][\/vc_column][vc_column width=&#8221;1\/3&#8221;][vc_column_text]<a href=\"https:\/\/zvjezdice.hr\/wp-content\/uploads\/2017\/10\/3690_108474885982639_1923576721_n.jpg\"><img loading=\"lazy\" decoding=\"async\" class=\"aligncenter size-medium wp-image-1045\" src=\"https:\/\/zvjezdice.hr\/wp-content\/uploads\/2017\/10\/3690_108474885982639_1923576721_n-300x209.jpg\" alt=\"\" width=\"300\" height=\"209\" srcset=\"https:\/\/zvjezdice.hr\/wp-content\/uploads\/2017\/10\/3690_108474885982639_1923576721_n-300x209.jpg 300w, https:\/\/zvjezdice.hr\/wp-content\/uploads\/2017\/10\/3690_108474885982639_1923576721_n-768x534.jpg 768w, https:\/\/zvjezdice.hr\/wp-content\/uploads\/2017\/10\/3690_108474885982639_1923576721_n.jpg 960w\" sizes=\"auto, (max-width: 300px) 100vw, 300px\" \/><\/a>[\/vc_column_text][\/vc_column][\/vc_row][vc_row][vc_column][vc_column_text]\n<h2>Orchestras<\/h2>\n[\/vc_column_text][\/vc_column][\/vc_row][vc_row][vc_column width=&#8221;1\/3&#8243;][vc_column_text]- Zagreb Philharmonic Orchestra<br \/>\n&#8211; Zagreb Soloists<br \/>\n&#8211; Croatian Radiotelevision Symphony Orchestra<br \/>\n&#8211; Croatian National Opera Theatre<br \/>\n&#8211; Croatian Chamber Orchestra<br \/>\n&#8211; Croatian Baroque Ensemble<br \/>\n&#8211; Croatian Army Orchestra[\/vc_column_text][\/vc_column][vc_column width=&#8221;1\/3&#8243;][vc_column_text]- Zagreb Brass Trio<br \/>\n&#8211; Juliard Junior String Quartet<br \/>\n&#8211; Tamburica Orchestra of the Croatian Radiotelevision<br \/>\n&#8211; Zagreb Star&#8217;s Orchestra<br \/>\n&#8211; Symphony Orchestra of the Zagreb Music Academy<br \/>\n&#8211; Zagreb Chamber Orchestra<br \/>\n&#8211; Windstrings<br \/>\n&#8211; Guda\u010dki kvartet Rucner[\/vc_column_text][\/vc_column][vc_column width=&#8221;1\/3&#8243;][vc_column_text]<a href=\"https:\/\/zvjezdice.hr\/wp-content\/uploads\/2017\/10\/479756_108489052647889_460613049_n.jpg\"><img loading=\"lazy\" decoding=\"async\" class=\"aligncenter size-medium wp-image-1049\" src=\"https:\/\/zvjezdice.hr\/wp-content\/uploads\/2017\/10\/479756_108489052647889_460613049_n-300x201.jpg\" alt=\"\" width=\"300\" height=\"201\" srcset=\"https:\/\/zvjezdice.hr\/wp-content\/uploads\/2017\/10\/479756_108489052647889_460613049_n-300x201.jpg 300w, https:\/\/zvjezdice.hr\/wp-content\/uploads\/2017\/10\/479756_108489052647889_460613049_n-768x514.jpg 768w, https:\/\/zvjezdice.hr\/wp-content\/uploads\/2017\/10\/479756_108489052647889_460613049_n.jpg 960w\" sizes=\"auto, (max-width: 300px) 100vw, 300px\" \/><\/a>[\/vc_column_text][\/vc_column][\/vc_row][vc_row][vc_column][vc_column_text]\n<h3>Conductors<\/h3>\n<p><a href=\"https:\/\/zvjezdice.hr\/wp-content\/uploads\/2017\/10\/68345_108474225982705_1407073700_n.jpg\"><img loading=\"lazy\" decoding=\"async\" class=\"alignright size-medium wp-image-1051\" src=\"https:\/\/zvjezdice.hr\/wp-content\/uploads\/2017\/10\/68345_108474225982705_1407073700_n-300x150.jpg\" alt=\"\" width=\"300\" height=\"150\" srcset=\"https:\/\/zvjezdice.hr\/wp-content\/uploads\/2017\/10\/68345_108474225982705_1407073700_n-300x150.jpg 300w, https:\/\/zvjezdice.hr\/wp-content\/uploads\/2017\/10\/68345_108474225982705_1407073700_n.jpg 652w\" sizes=\"auto, (max-width: 300px) 100vw, 300px\" \/><\/a>V.A.Gergiev, Sir N.Mariner, Pavle De\u0161palj, Kazushi Ono, Milan Horvat, Hans Graf, Elizabeth Fuchs, Leopold Hager, Andres Mustonen,David Danzmayr, Nik\u0161a Bareza, Uro\u0161 Lajovic, Schlomo Mintz, Igor Kuljeri\u0107, R. F. de Burgos, Aleksandar Rahbari, Vladimir Kranj\u010devi\u0107, Srboljub Dini\u0107, Miro Belamari\u0107, Franck Shipway, Mladen Tarbuk, Ivo Lipanovi\u0107, Mladen Ba\u0161i\u0107, Emil Cossetto, Pero Gotovac, Miljenko Prohaska, Loris Voltolini, Zoran Jurani\u0107, Klaus Arp, Sa\u0161a Britvi\u0107, Berislav \u0160ipu\u0161, Ivan Repu\u0161i\u0107, Alan Bjelinski, Sini\u0161a Leopold, Ivan Josip Skender, Josip \u0160ego[\/vc_column_text][\/vc_column][\/vc_row][vc_row][vc_column][vc_column_text]\n<h2>Operas<\/h2>\n[\/vc_column_text][\/vc_column][\/vc_row][vc_row][vc_column width=&#8221;2\/3&#8243;][vc_column_text]Giuseppe Verdi: &#8220;Othello&#8221;<\/p>\n<p>Giuseppe Verdi: &#8220;Macbeth&#8221;<\/p>\n<p>Emilio de Cavalieri: &#8220;Rapresentazione di anima e di corpo&#8221;<\/p>\n<p>Georges Bizet: &#8220;Carmen&#8221;<\/p>\n<p>Jules Massenet: &#8220;Werther&#8221;<\/p>\n<p>Blagoje Bersa: &#8220;Flame&#8221;<\/p>\n<p>Maurice Ravel: &#8220;L&#8217;enfant et les sortileges&#8221;<\/p>\n<p>Ruggiero Leoncavallo: &#8220;Pagliaci&#8221;<\/p>\n<p>Josef Mandi\u0107: &#8220;Mirjana&#8221;<\/p>\n<p>Giacomo Puccini: &#8220;La Boh\u00e8me&#8221;<\/p>\n<p><a href=\"http:\/\/www.hnk.hr\/predstave\/postolar-od-delfta\/\" target=\"_parent\"> B.Bersa: &#8220;Der Schuster von Delft&#8221;<\/a><\/p>\n<p><a href=\"http:\/\/www.hnk.hr\/predstave\/ivica-i-marica\/\" target=\"_parent\">E. Humperdinck: &#8220;Hansel und Gretel&#8221;<\/a><\/p>\n<p><a href=\"http:\/\/www.hnk.hr\/predstave\/tosca\/\" target=\"_parent\">G.Puccini: &#8220;Tosca&#8221;<\/a><\/p>\n<p><ins><a href=\"http:\/\/www.hnk.hr\/predstave\/lukava-mala-lisica\/\" target=\"_blank\" rel=\"noopener\">L. Jan\u00e1\u010dek: The Cunning Little Vixen<\/a><\/ins><\/p>\n<p>H. Kr\u00e1sa: Brundib\u00e1r[\/vc_column_text][\/vc_column][vc_column width=&#8221;1\/3&#8243;][vc_column_text]<a href=\"https:\/\/zvjezdice.hr\/wp-content\/uploads\/2017\/10\/485037_108487205981407_499664176_n.jpg\"><img loading=\"lazy\" decoding=\"async\" class=\"aligncenter size-medium wp-image-1052\" src=\"https:\/\/zvjezdice.hr\/wp-content\/uploads\/2017\/10\/485037_108487205981407_499664176_n-300x200.jpg\" alt=\"\" width=\"300\" height=\"200\" srcset=\"https:\/\/zvjezdice.hr\/wp-content\/uploads\/2017\/10\/485037_108487205981407_499664176_n-300x200.jpg 300w, https:\/\/zvjezdice.hr\/wp-content\/uploads\/2017\/10\/485037_108487205981407_499664176_n-768x512.jpg 768w, https:\/\/zvjezdice.hr\/wp-content\/uploads\/2017\/10\/485037_108487205981407_499664176_n-252x167.jpg 252w, https:\/\/zvjezdice.hr\/wp-content\/uploads\/2017\/10\/485037_108487205981407_499664176_n.jpg 960w\" sizes=\"auto, (max-width: 300px) 100vw, 300px\" \/><\/a>[\/vc_column_text][\/vc_column][\/vc_row]\n<\/div>","protected":false},"excerpt":{"rendered":"<p>[vc_row][vc_column][vc_column_text] Projects [\/vc_column_text][\/vc_column][\/vc_row][vc_row][vc_column width=&#8221;1\/3&#8243;][vc_column_text]Gerald Wirth: &#8220;Misa apostolica&#8221; J. Magdi\u0107: &#8220;Fidelissima advocata Croatiae&#8221; W. A. Mozart: &#8220;Misa brevis in B Major&#8221;, Kv 275 Hector Berlioz: &#8220;The Childhood of Christ&#8221; E. Humperdinck: &#8220;H\u00e4nsel und Gretel&#8221; Franz Schubert: &#8220;Missa in G Major&#8221; Gabriel Faure: &#8220;Requiem&#8221; Arthur Honegger: &#8220;Christmas Cantata&#8221; Arthur Honegger: &#8220;Jeane D&#8217;arc au Bucher&#8221; Benjamin Britten: &#8220;War<span class=\"read-more\"><a href=\"https:\/\/zvjezdice.hr\/en\/collaboration\/\" title=\"Read More\">More<\/a><\/span><\/p>\n","protected":false},"author":1,"featured_media":0,"parent":0,"menu_order":0,"comment_status":"closed","ping_status":"closed","template":"page-blocks.php","meta":{"iawp_total_views":2,"footnotes":""},"class_list":["post-1393","page","type-page","status-publish"],"_links":{"self":[{"href":"https:\/\/zvjezdice.hr\/en\/wp-json\/wp\/v2\/pages\/1393","targetHints":{"allow":["GET"]}}],"collection":[{"href":"https:\/\/zvjezdice.hr\/en\/wp-json\/wp\/v2\/pages"}],"about":[{"href":"https:\/\/zvjezdice.hr\/en\/wp-json\/wp\/v2\/types\/page"}],"author":[{"embeddable":true,"href":"https:\/\/zvjezdice.hr\/en\/wp-json\/wp\/v2\/users\/1"}],"replies":[{"embeddable":true,"href":"https:\/\/zvjezdice.hr\/en\/wp-json\/wp\/v2\/comments?post=1393"}],"version-history":[{"count":5,"href":"https:\/\/zvjezdice.hr\/en\/wp-json\/wp\/v2\/pages\/1393\/revisions"}],"predecessor-version":[{"id":2088,"href":"https:\/\/zvjezdice.hr\/en\/wp-json\/wp\/v2\/pages\/1393\/revisions\/2088"}],"wp:attachment":[{"href":"https:\/\/zvjezdice.hr\/en\/wp-json\/wp\/v2\/media?parent=1393"}],"curies":[{"name":"wp","href":"https:\/\/api.w.org\/{rel}","templated":true}]}}