{"id":1388,"date":"2017-10-05T11:34:49","date_gmt":"2017-10-05T11:34:49","guid":{"rendered":"https:\/\/zvjezdice.hr\/press\/"},"modified":"2018-01-18T21:38:17","modified_gmt":"2018-01-18T20:38:17","slug":"press","status":"publish","type":"page","link":"https:\/\/zvjezdice.hr\/en\/press\/","title":{"rendered":"Press"},"content":{"rendered":"<div class=\"wpb-content-wrapper\">[vc_row][vc_column][vc_column_text]\n<div class=\"item-page\">\n<article class=\"art-post\">\n<div class=\"art-postcontent clearfix\">\n<div class=\"art-article\">\n<h4 align=\"center\">2017.<\/h4>\n<p style=\"text-align: center;\"><a href=\"http:\/\/zg-magazin.com.hr\/zagrebacka-filharmonija-ponovno-odusevila-u-salzburgu\/\" target=\"_blank\" rel=\"noopener\">Zagreba\u010dka filharmonija ponovno odu\u0161evila u Salzburgu<\/a><\/p>\n<p style=\"text-align: center;\"><a href=\"http:\/\/www.matis.hr\/hr\/aktivnosti\/dogadanja\/10596-zagrebacka-filharmonija-ponovno-odusevila-salzburg\" target=\"_blank\" rel=\"noopener\">Zagreba\u010dka filharmonija ponovno odu\u0161evila Salzburg<\/a><\/p>\n<p style=\"text-align: center;\"><a href=\"https:\/\/www.vecernji.hr\/kultura\/valceri-polke-wagner-i-biseri-hrvatske-glazbe-1216413\" target=\"_blank\" rel=\"noopener\">Valceri, polke, Wagner i biseri hrvatske glazbe<\/a><\/p>\n<p style=\"text-align: center;\"><a href=\"http:\/\/zagrebacki-solisti.com\/product\/12-03-zvjezdice-mia-pecnik\/\" target=\"_blank\" rel=\"noopener\">Zvjezdice i Mia Pe\u010dnik uz Zagreba\u010dke soliste<\/a><\/p>\n<p style=\"text-align: center;\"><a href=\"http:\/\/www.divan.hr\/event\/autorski-koncert-davorin-kempf\/\" target=\"_blank\" rel=\"noopener\">AUTORSKI KONCERT \u2013 DAVORIN KEMPF<\/a><\/p>\n<p style=\"text-align: center;\"><a href=\"http:\/\/www.sound-report.com\/koncerti\/koncertna-dvorana-v-lisinski-stjepan-hauser-i-zagrebacka-filharmonija-2017-10-06\" target=\"_blank\" rel=\"noopener\">Stjepan Hauser otvorio OFF ciklus<\/a><\/p>\n<p style=\"text-align: center;\"><a href=\"http:\/\/www.nacional.hr\/stjepan-hauser-u-petak-otvara-off-ciklus-zagrebacke-filharmonije\/\" target=\"_blank\" rel=\"noopener\">Stjepan Hauser u petak otvara \u2018Off\u2019 ciklus Zagreba\u010dke filharmonije<\/a><\/p>\n<p style=\"text-align: center;\"><a href=\"http:\/\/activezenica.com\/stjepan-hauser-otvara-novi-ciklus-u-lisinskom\/\" target=\"_blank\" rel=\"noopener\">Stjepan Hauser otvara novi ciklus u Lisinskom<\/a><\/p>\n<p style=\"text-align: center;\"><a href=\"https:\/\/www.tportal.hr\/showtime\/clanak\/stjepan-hauser-6-10-otvara-off-ciklus-u-lisinskom-20170926\/print\" target=\"_blank\" rel=\"noopener\">Stjepan Hauser otvara Off ciklus Zagreba\u010dke filharmonije u Lisinskom<\/a><\/p>\n<p style=\"text-align: center;\"><a href=\"http:\/\/www.ziher.hr\/stjepan-hauser-otvara-off-ciklus-lisinskom\/\" target=\"_blank\" rel=\"noopener\">STJEPAN HAUSER OTVARA OFF CIKLUS U LISINSKOM<\/a><\/p>\n<p style=\"text-align: center;\"><a href=\"https:\/\/prigorski.hr\/stjepan-hauser-off-ciklusu\/\" target=\"_blank\" rel=\"noopener\">Stjepan Hauser u OFF ciklusu<\/a><\/p>\n<p style=\"text-align: center;\"><a href=\"http:\/\/film-mag.net\/wp\/?p=33142\" target=\"_blank\" rel=\"noopener\">OFF ciklus Zagreba\u010dke filharmonije u Lisinskom<\/a><\/p>\n<p style=\"text-align: center;\"><a href=\"http:\/\/www.story.hr\/stjepan-hauser-sam-i-na-pozornici-401921\" target=\"_blank\" rel=\"noopener\">Stjepan Hauser sam i na pozornici<\/a><\/p>\n<p style=\"text-align: center;\"><a href=\"http:\/\/www.zagreb.info\/zg-vodic\/najavljen-koncert-stjepana-hausera-i-zagrebacke-filharmonije\/151469\" target=\"_blank\" rel=\"noopener\">Najavljen koncert Stjepana Hausera i Zagreba\u010dke filharmonije<\/a><\/p>\n<p style=\"text-align: center;\"><a href=\"http:\/\/www.alu.unizg.hr\/alu\/cms\/front_content.php?idcat=52&amp;idart=1593&amp;lang=1\" target=\"_blank\" rel=\"noopener\">Opera &#8220;Lukava mala lisica&#8221; &#8211; Leo\u0161 Jan\u00e1\u010dek<\/a><\/p>\n<p style=\"text-align: center;\"><a href=\"http:\/\/www.ziher.hr\/lukava-mala-lisica-hnk-studenti\/\" target=\"_blank\" rel=\"noopener\">NOVA SURADNJA STUDENATA I HNK U ZAGREBU: JAN\u00c1\u010cEKOVA OPERA \u201cLUKAVA MALA LISICA\u201d<\/a><\/p>\n<h4 align=\"center\">2016.<\/h4>\n<p style=\"text-align: center;\"><a href=\"https:\/\/hrvatski-vojnik.hr\/aktualno\/novosti-iz-osrh\/item\/2725-humanitarnim-bozicnim-koncertom-obiljezena-25-obljetnica-orkestra-osrh.html\" target=\"_blank\" rel=\"noopener\">Humanitarnim bo\u017ei\u0107nim koncertom obilje\u017eena 25. obljetnica Orkestra OSRH<\/a><\/p>\n<p style=\"text-align: center;\"><a href=\"http:\/\/www.brodportal.hr\/clanak\/adventski-ugodaj-u-velikoj-crkvi-uz-zvjezdice-14307\" target=\"_blank\" rel=\"noopener\">Adventski ugo\u0111aj u Velikoj crkvi uz Zvjezdice<\/a><\/p>\n<p style=\"text-align: center;\"><a href=\"http:\/\/www.sbtv.hr\/vijesti\/item\/5293-adventski-koncert-zbora-zvjezdice\" target=\"_blank\" rel=\"noopener\">Adventski koncert Zbora &#8220;Zvjezdice&#8221;<\/a><\/p>\n<p style=\"text-align: center;\"><a href=\"http:\/\/glasgrada.hr\/2cellos-i-mia-pecnik-odusevili-za-sticenike-centra-vinko-bek-prikupljeno-99500-kuna\/\" target=\"_blank\" rel=\"noopener\">2Cellos i Mia Pe\u010dnik odu\u0161evili \u2013 za \u0161ti\u0107enike Centra Vinko Bek prikupljeno 99500 kuna<\/a><\/p>\n<p style=\"text-align: center;\"><a href=\"http:\/\/dalje.com\/2016\/12\/2cellos-sviraju-sklopu-humanitarne-akcije\/\" target=\"_blank\" rel=\"noopener\">2Cellos sviraju u sklopu humanitarne akcije<\/a><\/p>\n<p style=\"text-align: center;\"><a href=\"http:\/\/magazin.hrt.hr\/361217\/navek-on-zivi-ki-zgine-posteno-koncert-vukovaru-u-cast\" target=\"_blank\" rel=\"noopener\">&#8216;Navek on \u017eivi ki zgine po\u0161teno&#8217;, koncert Vukovaru u \u010dast<\/a><\/p>\n<p style=\"text-align: center;\"><a href=\"http:\/\/hkr.hr\/?sec=3&amp;tid=5&amp;cid=63182\" target=\"_blank\" rel=\"noopener\">Zagreba\u010dka filharmonija svira za Vukovar <\/a><\/p>\n<p style=\"text-align: center;\"><a href=\"http:\/\/objektivno.hr\/svecani-koncert-na-muzickoj-akademiji-otvara-festival-glazbe-zagreb-2016-85956\" target=\"_blank\" rel=\"noopener\">Sve\u010dani koncert na Muzi\u010dkoj akademiji otvara Festival glazbe Zagreb 2016.<\/a><\/p>\n<p style=\"text-align: center;\"><a href=\"https:\/\/www.vecernji.hr\/kultura\/zvjezdice-u-potrazi-za-novim-talentiranim-djevojcicama-i-djecacima-1055610\" target=\"_blank\" rel=\"noopener\">\u201eZvjezdice\u201c u potrazi za novim talentiranim djevoj\u010dicama i dje\u010daci<\/a><\/p>\n<p style=\"text-align: center;\"><a href=\"http:\/\/klinfo.rtl.hr\/dogadjanja\/audicija-za-pjevacki-zbor-zvjezdice\/\" target=\"_blank\" rel=\"noopener\">Audicija za pjeva\u010dki zbor \u201cZvjezdice\u201d<\/a><\/p>\n<p style=\"text-align: center;\"><a href=\"http:\/\/www.ziher.hr\/zdravko-sljivac-najveca-glazba-vec-je-stvorena\/\" target=\"_blank\" rel=\"noopener\">ZDRAVKO \u0160LJIVAC: \u201cNAJVE\u0106A GLAZBA VE\u0106 JE STVORENA\u201d<\/a><\/p>\n<h4 align=\"center\">2015.<\/h4>\n<p style=\"text-align: center;\"><a href=\"http:\/\/www.hrt.hr\/313258\/magazin\/zagrebacki-zbor-zvjezdice-na-americkoj-turneji\" target=\"_blank\" rel=\"noopener\">Zagreba\u010dki zbor &#8216;Zvjezdice&#8217; na ameri\u010dkoj turneji<\/a><\/p>\n<p style=\"text-align: center;\"><a href=\"http:\/\/www.zna.hr\/?p=16307\" target=\"_blank\" rel=\"noopener\">PROSLAVA DANA GRADA: Zagreba\u010dka filharmonija izvodi glasovitu Carminu Buranu<\/a><\/p>\n<p style=\"text-align: center;\"><a href=\"http:\/\/www.crorec.hr\/crorec.hr\/vijest.php?OBJECT_ID=824594\" target=\"_blank\" rel=\"noopener\">ZVJEZDICE SLAVE 30. OBLJETNICU ALBUMOM &#8220;BRAHMS-BRITTEN&#8221;<\/a><\/p>\n<p style=\"text-align: center;\"><a href=\"http:\/\/mojzagreb.info\/zagreb\/hrvatska\/zvjezdice-slave-30.-obljetnicu\" target=\"_blank\" rel=\"noopener\">ZVJEZDICE SLAVE 30. OBLJETNICU<\/a><\/p>\n<p style=\"text-align: center;\"><a href=\"https:\/\/www.vecernji.hr\/kultura\/zagrebacki-djevojacki-zbor-zvjezdice-proslavio-30-godina-djelovanja-1025531\" target=\"_blank\" rel=\"noopener\">Zagreba\u010dki djevoja\u010dki zbor Zvjezdice proslavio 30 godina djelovanja<\/a><\/p>\n<p style=\"text-align: center;\"><a href=\"http:\/\/www.zna.hr\/?p=14817\" target=\"_blank\" rel=\"noopener\">Korizmeni koncert Zagreba\u010dke filharmonije u katedrali<\/a><\/p>\n<h4 style=\"text-align: center;\" align=\"center\"><strong>2014.<\/strong><\/h4>\n<p style=\"text-align: center;\"><a href=\"http:\/\/mojzagreb.info\/zagreb\/hrvatska\/bozicni-koncert-zagrebacke-filharmonije\" target=\"_blank\" rel=\"noopener\">BO\u017dI\u0106NI KONCERT ZAGREBA\u010cKE FILHARMONIJE<\/a><\/p>\n<p style=\"text-align: center;\"><a href=\"http:\/\/www.zna.hr\/?p=9847\" target=\"_blank\" rel=\"noopener\">U Lisinskom odr\u017ean koncert IN MEMORIAM DRA\u017dEN PETROVI\u0106<\/a><\/p>\n<p style=\"text-align: center;\"><a href=\"http:\/\/www.radioslatina.hr\/djevojacki-zbor-zvjezdice-i-zagrebacki-solisti-nastupili-u-zupnoj-crkvi-sv-josipa\/\" target=\"_blank\" rel=\"noopener\">Djevoja\u010dki zbor Zvjezdice i Zagreba\u010dki solisti nastupili u \u017eupnoj crkvi sv. Josipa<\/a><\/p>\n<p style=\"text-align: center;\"><a href=\"http:\/\/www.glas-slavonije.hr\/249219\/5\/Festival-u-znaku-90-rodjendan-velikoga-slatinskoga-skladatelja\" target=\"_blank\" rel=\"noopener\">Festival u znaku 90. ro\u0111endan velikoga slatinskoga skladatelja<\/a><\/p>\n<p style=\"text-align: center;\"><a href=\"https:\/\/www.vecernji.hr\/kultura\/filharmonija-i-50-pjevackih-zvjezdica-za-50-rodendan-drazena-petrovica-968913\" target=\"_blank\" rel=\"noopener\">Filharmonija i 50 pjeva\u010dkih zvjezdica za 50. ro\u0111endan Dra\u017eena Petrovi\u0107a<\/a><\/p>\n<p style=\"text-align: center;\"><a href=\"https:\/\/www.vecernji.hr\/kultura\/izvedba-kao-spektakl-i-test-za-orkestar-964774\" target=\"_blank\" rel=\"noopener\">Izvedba kao spektakl i test za orkestar<\/a><\/p>\n<h4 align=\"center\"><strong>2013.<\/strong><\/h4>\n<p align=\"center\"><a href=\"http:\/\/www.vecernji.hr\/glazba\/nekoliko-generacija-obiljezit-ce-dan-zvjezdica-566265\" target=\"_blank\" rel=\"noopener\">Nekoliko generacija obilje\u017eit ce dan Zvjezdica<\/a><\/p>\n<p align=\"center\"><a href=\"http:\/\/glazba.hrt.hr\/djevojacki-zbor-zvjezdice-na-svoj-dan-uz-tamburaski-orkestar-hrt-a\" target=\"_blank\" rel=\"noopener\">Djevoja\u010dki zbor Zvjezdice na svoj dan uz tambura\u0161ki orkestar Hrt-a<\/a><\/p>\n<p align=\"center\"><a href=\"http:\/\/www.vecernji.hr\/glazba\/povijesna-izvedba-brittenovog-ratnog-rekvijema-u-lisinskom-620700\" target=\"_blank\" rel=\"noopener\">Povijesna izvedba Brittenovog Ratnog rekvijema u Lisinskom (vecernji.hr)<\/a><\/p>\n<p align=\"center\"><a href=\"http:\/\/www.jutarnji.hr\/nakon-njeznih-gudaca-becke-filharmonije---ratni-rekvijem--nas-je-dobro-potresao\/1129363\/\" target=\"_blank\" rel=\"noopener\">Nakon njeznih guda\u010da Be\u010dke filharmonije Ratni rekvijem nas je dobro potresao(jutarnji.hr)<\/a><\/p>\n<h4 align=\"center\">2012.<\/h4>\n<p align=\"center\"><a href=\"http:\/\/klasika.hr\/index.php?p=article&amp;id=1645\" target=\"_blank\" rel=\"noopener\">Klasika.hr: PODIGNUTA RAZINA SVIRANJA<\/a><\/p>\n<h4 align=\"center\">2011.<\/h4>\n<p align=\"center\"><a href=\"http:\/\/www.vecernji.hr\/glazba\/milanskom-katedralom-veceras-ce-se-oriti-glasovi-zbora-zvjezdice-285604\" target=\"_blank\" rel=\"noopener\">Milanskom katedralom ve\u010deras \u0107e se oriti glasovi zbora Zvjezdice (vecernji.hr)<\/a><\/p>\n<h4 align=\"center\">2010.<\/h4>\n<p align=\"center\"><a href=\"http:\/\/www.matica.hr\/vijenac\/318\/Provjerena%20kvaliteta\/\" target=\"_blank\" rel=\"noopener\">Provjerena\u00a0 kvaliteta (matica.hr)<\/a><\/p>\n<p align=\"center\"><a href=\"http:\/\/www.klasika.hr\/index.php?p=article&amp;id=1877\" target=\"_blank\" rel=\"noopener\">Klasika.hr: U NOVOM AMBIJENTU<\/a><\/p>\n<p align=\"center\"><a href=\"http:\/\/www.vecernji.hr\/svijet\/glavni-tajnik-un-a-ban-ki-moon-slusao-u-se-vrime-godista-229985\" target=\"_blank\" rel=\"noopener\">Glavni tajnik UN-a Ban Ki Moon slu\u0161ao u se vrime godi\u0161ta<\/a><\/p>\n<p align=\"center\"><a href=\"http:\/\/mojzagreb.info\/zagreb\/hrvatska\/zvjezdice-u-americi-sletjele-u-chicago\" target=\"_blank\" rel=\"noopener\">Zvjezdice u Americi sletjele u Chicago (mojzagreb.info)<\/a><\/p>\n<p align=\"center\"><a href=\"http:\/\/www.croatia.org\/crown\/articles\/10047\/1\/Little-Stars-Croatian-girls-choir-singing-at-Lincoln-Center-December-19-2010.html\" target=\"_blank\" rel=\"noopener\">Little Stars Croatian girls choir singing at Lincoln Center (croatia.org)<\/a><\/p>\n<p align=\"center\"><a href=\"http:\/\/www.jutarnji.hr\/zvjezdice--u-njemu-su-se-radale-zvijezde-i-prijateljstva\/652424\/\" target=\"_blank\" rel=\"noopener\">Zvjezdice- u njemu su se ra\u0111ale zvijezde i prijateljstva (jutarnji.hr)<\/a><\/p>\n<p align=\"center\"><a href=\"http:\/\/dalje.com\/hr-scena\/zbor-zvjezdice-obiljezile-25-obljetnicu\/299802\" target=\"_blank\" rel=\"noopener\">Zbor Zvjezdice obilje\u017eile 25 obljetnicu (dalje.com)<\/a><\/p>\n<p align=\"center\"><a href=\"http:\/\/klasika.hr\/index.php?p=article&amp;id=1107\" target=\"_blank\" rel=\"noopener\">Klasika.hr: TRAJNI SJAJ<\/a><\/p>\n<p align=\"center\"><a href=\"http:\/\/www.vecernji.hr\/glazba\/sljivac-abdicirat-cu-kad-zvjezdice-proslave-svoj-30-rodjendan-109325\" target=\"_blank\" rel=\"noopener\">\u0160ljivac-abdicirat \u0107u kad Zvjezdice proslave svoj 30.ro\u0111endan (vecernji.hr)<\/a><\/p>\n<p align=\"center\"><a href=\"http:\/\/www.dnevno.hr\/vijesti\/kultura\/1156-foto-zvjezdice-cetvrt-stoljeca-sjaje-na-nebu-hrvatske-glazbe.html\" target=\"_blank\" rel=\"noopener\">Zvjezdice \u010detvrt stolje\u0107a sjaje na nebu hrvatske glazbe (dnevno.hr)<\/a><\/p>\n<p align=\"center\"><a href=\"http:\/\/mladi.hrt.hr\/25-godina-zbora-zvjezdice\" target=\"_blank\" rel=\"noopener\">25 godina zbora Zvjezdice (mladi.hrt.hr)<\/a><\/p>\n<p align=\"center\"><a href=\"http:\/\/www.index.hr\/xmag\/clanak\/zvjezdice-proslavile-25-rodjendan-cestitao-im-i-predsjednik-josipovic\/483346.aspx\" target=\"_blank\" rel=\"noopener\">Zvjezdice proslavile 25 ro\u0111endan \u010destitao im i predsjednik Josipovic (index.hr)<\/a><\/p>\n<p align=\"center\"><a href=\"http:\/\/www.zagrebonline.hr\/zvjezdice-slave-25-godina\/\" target=\"_blank\" rel=\"noopener\">Zvjezdice slave 25 godina (zagrebonline.hr)<\/a><\/p>\n<p align=\"center\"><a href=\"http:\/\/www.jutarnji.hr\/25--rodendan-zvjezdica--slavlje-uz-skladbe-koje-im-je-posvetio-predsjednik\/670310\/\" target=\"_blank\" rel=\"noopener\">Ro\u0111endan Zvjezdica slavlje uz skladbe koje im je posvetio predsjednik (jutarnji.hr)<\/a><\/p>\n<p align=\"center\"><a href=\"http:\/\/metro-portal.hr\/zvjezdice-proslavile-25-godina-postojanja\/36591\" target=\"_blank\" rel=\"noopener\">Zvjezdice proslavile 25 godina postojanja (metro-portal.hr)<\/a><\/p>\n<p align=\"center\"><a href=\"http:\/\/she.hr\/prvih-25-godina-zbora-zvjezdice\/\" target=\"_blank\" rel=\"noopener\">Prvih 25 godina zbora Zvjezdice (she.hr)<\/a><\/p>\n<p align=\"center\"><a href=\"http:\/\/www.culturenet.hr\/default.aspx?id=30925\" target=\"_blank\" rel=\"noopener\">Obljetnica Djevoja\u010dkog zbora Zvjezdice<\/a><\/p>\n<h4 align=\"center\">2009.<\/h4>\n<p align=\"center\"><a href=\"http:\/\/zvjezdice.hr\/staro\/images\/press\/2009\/20090128.pdf\" target=\"_blank\" rel=\"noopener\">Uspje\u0161na vara\u017edinska ve\u010der (Vjesnik, 28. sije\u010dnja)<\/a><\/p>\n<h4 align=\"center\">2008.<\/h4>\n<p align=\"center\"><a href=\"http:\/\/zvjezdice.hr\/staro\/images\/press\/2007\/jednaodmojihzvjezdica.pdf\" target=\"_blank\" rel=\"noopener\">Jedna od mojih zvjezdica pobje\u0111uje u &#8220;Zvijezde pjevaju&#8221; (Arena)<\/a><\/p>\n<h4 align=\"center\">2007.<\/h4>\n<p align=\"center\"><a href=\"http:\/\/zvjezdice.hr\/staro\/images\/press\/2007\/nezaboravnoiskustvo.jpg\">Nezaboravno iskustvo iz Australije i Malezije (Ve\u010dernji list, 5. sije\u010dnja)<\/a><\/p>\n<p align=\"center\"><a href=\"http:\/\/zvjezdice.hr\/staro\/images\/press\/2007\/iskustvoprotivstraha.jpg\">Iskustvo protiv straha (iz ruskog tiska, 28. svibnja)<\/a><\/p>\n<p align=\"center\"><a href=\"http:\/\/zvjezdice.hr\/staro\/images\/press\/2007\/jednaodmojihzvjezdica.pdf\" target=\"_blank\" rel=\"noopener\">Jedna od mojih zvjezdica pobje\u0111uje u &#8220;Zvijezde pjevaju&#8221; (Arena)<\/a><\/p>\n<h4 align=\"center\">2006.<\/h4>\n<p align=\"center\"><a href=\"http:\/\/zvjezdice.hr\/staro\/images\/press\/2006\/naslovna.pdf\" target=\"_blank\" rel=\"noopener\">Naslovna stranica (Vjesnik, 4. sije\u010dnja)<\/a><\/p>\n<p align=\"center\"><a href=\"http:\/\/zvjezdice.hr\/staro\/images\/press\/2006\/provjerena.jpg\">Provjerena kvaliteta (Vijenac, 11. svibnja)<\/a><\/p>\n<p align=\"center\"><a href=\"http:\/\/zvjezdice.hr\/staro\/images\/press\/2006\/vrhunske.pdf\" target=\"_blank\" rel=\"noopener\">Vrhunske pjeva\u010dice za Franjeva\u010dku knji\u017eicu (Arena, svibanj)<\/a><\/p>\n<h4 align=\"center\">2005.<\/h4>\n<p align=\"center\"><a href=\"http:\/\/zvjezdice.hr\/staro\/images\/press\/2005\/zvjezdiceproslavile.pdf\" target=\"_blank\" rel=\"noopener\">Zvjezdice proslavile dvadeseti ro\u0111endan (Vjesnik, 19. velja\u010de)<\/a><\/p>\n<p align=\"center\"><a href=\"http:\/\/zvjezdice.hr\/staro\/images\/press\/2005\/zvjezdanaprasina.jpg\">Zvjezdana pra\u0161ina (Vijenac, 27. svibnja)<\/a><\/p>\n<p align=\"center\"><a href=\"http:\/\/zvjezdice.hr\/staro\/images\/press\/2005\/tekimje.jpg\">Tek im je 20 godina! (Jutarnji list, 23. studenoga)<\/a><\/p>\n<p align=\"center\"><a href=\"http:\/\/zvjezdice.hr\/staro\/images\/press\/2005\/viva.pdf\" target=\"_blank\" rel=\"noopener\">Od Zvjezdica do zvijezda (Viva)<\/a><\/p>\n<p align=\"center\"><a href=\"http:\/\/zvjezdice.hr\/staro\/images\/press\/2005\/20051118_vjesnik.pdf\" target=\"_blank\" rel=\"noopener\">Slavljeni\u010dke zvjezdice (Vjesnik)<\/a><\/p>\n<p align=\"center\"><a href=\"http:\/\/zvjezdice.hr\/staro\/images\/press\/2005\/20godina.jpg\">20 godina (Cantus)<\/a><\/p>\n<h4 align=\"center\">2004.<\/h4>\n<p align=\"center\"><a href=\"http:\/\/zvjezdice.hr\/staro\/images\/press\/dubrovackeljetneigre.pdf\">Hrvatska glazba na dar (Vjesnik, 20. velja\u010de)<\/a><\/p>\n<p align=\"center\"><a href=\"http:\/\/zvjezdice.hr\/staro\/images\/press\/2004\/divasiceininabadric.pdf\" target=\"_blank\" rel=\"noopener\">Divasice i Nina Badri\u0107 izabrale nove Zvjezdice (Vjesnik, 11. o\u017eujka)<\/a><\/p>\n<p align=\"center\"><a href=\"http:\/\/zvjezdice.hr\/staro\/images\/press\/2004\/20040814_vjesnik.pdf\" target=\"_blank\" rel=\"noopener\">Dvorana za vje\u017ebanje &#8211; dar za dva desetlje\u0107a vjernosti (Vjesnik, 14.\/15. kolovoza)<\/a><\/p>\n<p align=\"center\"><a href=\"http:\/\/zvjezdice.hr\/staro\/images\/press\/2004\/americkihrvati.pdf\" target=\"_blank\" rel=\"noopener\">Ameri\u010dki Hrvati odu\u0161evljeni najboljim hrvatskim djevoja\u010dkim zborom (Vjesnik, 9. prosinca)<\/a><\/p>\n<p align=\"center\"><a href=\"http:\/\/zvjezdice.hr\/staro\/images\/press\/2004\/topaoprijam.pdf\" target=\"_blank\" rel=\"noopener\">Topao prijam Hrvata u Clevelandu djevojke \u0107e zauvijek pamtiti (Vjesnik, 12. prosinca)<\/a><\/p>\n<p align=\"center\"><a href=\"http:\/\/zvjezdice.hr\/staro\/images\/press\/2004\/posjetuniversalovustudiju.pdf\" target=\"_blank\" rel=\"noopener\">Posjet Universalovu studiju pamtit \u0107e do kraja \u017eivota (Vjesnik, 15. prosinca)<\/a><\/p>\n<p align=\"center\"><a href=\"http:\/\/zvjezdice.hr\/staro\/images\/press\/2004\/uamerici.pdf\" target=\"_blank\" rel=\"noopener\">U Americi je bilo lijepo, no doma je najljep\u0161e (Vjesnik, 23. prosinca)<\/a><\/p>\n<p align=\"center\"><a href=\"http:\/\/zvjezdice.hr\/staro\/images\/press\/2004\/20041224_vjesnik.pdf\" target=\"_blank\" rel=\"noopener\">Idu\u0107i koncert u svibnju 2006. u Carnegie Hallu (Vjesnik, 24.-26. prosinca)<\/a><\/p>\n<p align=\"center\"><a href=\"http:\/\/zvjezdice.hr\/staro\/images\/press\/2004\/littlestarsconquer.jpg\" target=\"_blank\" rel=\"noopener\">Little Stars Conquer America (News and Views)<\/a><\/p>\n<h4 align=\"center\">2001.<\/h4>\n<p align=\"center\"><a href=\"http:\/\/zvjezdice.hr\/staro\/images\/press\/2001\/20010707_vecernjilist.pdf\" target=\"_blank\" rel=\"noopener\">Zvjezdice &#8211; najbolji djevoja\u010dki zbor na svijetu (Ve\u010denji list, 7. srpnja)<\/a><\/p>\n<p align=\"center\"><a href=\"http:\/\/zvjezdice.hr\/staro\/images\/press\/2001\/zvjezdiceveleposlanice.jpg\">&#8220;Zvjezdice&#8221; &#8211; veleposlanice kulture u Hrvatskoj (Ve\u010dernji list, 19. rujna)<\/a><\/p>\n<p align=\"center\"><a href=\"http:\/\/zvjezdice.hr\/staro\/images\/press\/2001\/ilvestarske.jpg\">Silvestarske Zvjezdice o\u010darale publiku (Ve\u010dernji list, 3. prosinca)<\/a><\/p>\n<p align=\"center\"><a href=\"http:\/\/zvjezdice.hr\/staro\/images\/press\/2001\/zvjezdiceviste.jpg\">Zvjezdice, vi ste na\u0161e zvijezde (Ve\u010dernji list)<\/a><\/p>\n<h4 align=\"center\">2000.<\/h4>\n<p align=\"center\"><a href=\"http:\/\/zvjezdice.hr\/staro\/images\/press\/2000\/sljivacrepertoar.pdf\">\u0160ljivac: Repertoar kojeg \u0107e Zvjezdice izvesti na koncertu u subotu malo zborova u svijetu mo\u017ee pjevati (Vjesnik, 13. velja\u010de)<\/a><\/p>\n<p align=\"center\"><a href=\"http:\/\/zvjezdice.hr\/staro\/images\/press\/2000\/proslavljen.jpg\" target=\"_blank\" rel=\"noopener\">Proslavljen 15. ro\u0111endan Zvjezdica (Ve\u010dernji list, 20. velja\u010de)<\/a><\/p>\n<p align=\"center\"><a href=\"http:\/\/zvjezdice.hr\/staro\/images\/press\/2000\/20000221_vjesnik.pdf\" target=\"_blank\" rel=\"noopener\">Od Zvjezdica do zvijezda (Vjesnik, 21. velja\u010de)<\/a><\/p>\n<p align=\"center\"><a href=\"http:\/\/zvjezdice.hr\/staro\/images\/press\/2000\/zvijezdeuglasovima.jpg\" target=\"_blank\" rel=\"noopener\">Zvijezde u glasovima i o\u010dima (Jutarnji list, 27. svibnja)<\/a><\/p>\n<p align=\"center\"><a href=\"http:\/\/zvjezdice.hr\/staro\/images\/press\/2000\/gozba.pdf\">Gozba za uho (Vjesnik, 23. kolovoza)<\/a><\/p>\n<p align=\"center\"><a href=\"http:\/\/zvjezdice.hr\/staro\/images\/press\/2000\/20001220_vjesnik.pdf\" target=\"_blank\" rel=\"noopener\">Koncert u kapeli UN-a najblistaviji trenutak ameri\u010dke turneje (Vjesnik, 20. prosinca)<\/a><\/p>\n<p align=\"center\"><a href=\"http:\/\/zvjezdice.hr\/staro\/images\/press\/2000\/sjajnezvjezdice.jpg\">Sjajne Zvjezdice (Dubrova\u010dki list)<\/a><\/p>\n<h4 align=\"center\">1997.<\/h4>\n<p align=\"center\"><a href=\"http:\/\/zvjezdice.hr\/staro\/images\/press\/1997\/estradne.jpg\" target=\"_blank\" rel=\"noopener\">Zvjezdice i estradne zvijezde (Gloria, 27. studenog)<\/a><\/p>\n<p align=\"center\"><a href=\"http:\/\/zvjezdice.hr\/staro\/images\/press\/1997\/svepocinje.jpg\" target=\"_blank\" rel=\"noopener\">Sve po\u010dinje od Zvjezdica (Ve\u010dernji list, 12. prosinca)<\/a><\/p>\n<h4 align=\"center\">1995.<\/h4>\n<p align=\"center\"><a href=\"http:\/\/zvjezdice.hr\/staro\/images\/press\/1995\/zvjezdiceslave.jpg\" target=\"_blank\" rel=\"noopener\">&#8220;Zvjezdice&#8221; slave (Ve\u010dernji list, 16. velja\u010de)<\/a><\/p>\n<p align=\"center\"><a href=\"http:\/\/zvjezdice.hr\/staro\/images\/press\/1995\/becimabeckedjecake.pdf\" target=\"_blank\" rel=\"noopener\">Be\u010d ima &#8220;Be\u010dke dje\u010dake&#8221;, a Zagreb &#8220;Zvjezdice&#8221; (Vjesnik, 19. velja\u010de)<\/a><\/p>\n<p align=\"center\"><a href=\"http:\/\/zvjezdice.hr\/staro\/images\/press\/1995\/koncerulisinskom.jpg\" target=\"_blank\" rel=\"noopener\">Koncert u Lisinskom<\/a><\/p>\n<p align=\"center\"><a href=\"http:\/\/zvjezdice.hr\/staro\/images\/press\/1995\/desetgodina.jpg\" target=\"_blank\" rel=\"noopener\">Deset godina zvjezdana sjaja<\/a><\/p>\n<h4 align=\"center\">1993.<\/h4>\n<p align=\"center\"><a href=\"http:\/\/zvjezdice.hr\/staro\/images\/press\/francuskenovine.pdf\" target=\"_blank\" rel=\"noopener\">L&#8217;\u00e9motion en musique (iz francuskog tiska)<\/a><\/p>\n<h4 align=\"center\">1987.<\/h4>\n<p align=\"center\"><a href=\"http:\/\/zvjezdice.hr\/staro\/images\/press\/najboljezvjezdice1987.JPG\" target=\"_blank\" rel=\"noopener\">Najbolje &#8220;Zvjezdice&#8221;<\/a><\/p>\n<\/div>\n<\/div>\n<\/article>\n<\/div>\n[\/vc_column_text][\/vc_column][\/vc_row]\n<\/div>","protected":false},"excerpt":{"rendered":"<p>[vc_row][vc_column][vc_column_text] 2017. Zagreba\u010dka filharmonija ponovno odu\u0161evila u Salzburgu Zagreba\u010dka filharmonija ponovno odu\u0161evila Salzburg Valceri, polke, Wagner i biseri hrvatske glazbe Zvjezdice i Mia Pe\u010dnik uz Zagreba\u010dke soliste AUTORSKI KONCERT \u2013 DAVORIN KEMPF Stjepan Hauser otvorio OFF ciklus Stjepan Hauser u petak otvara \u2018Off\u2019 ciklus Zagreba\u010dke filharmonije Stjepan Hauser otvara novi ciklus u Lisinskom Stjepan Hauser<span class=\"read-more\"><a href=\"https:\/\/zvjezdice.hr\/en\/press\/\" title=\"Read More\">More<\/a><\/span><\/p>\n","protected":false},"author":1,"featured_media":0,"parent":0,"menu_order":0,"comment_status":"closed","ping_status":"closed","template":"page-blocks.php","meta":{"iawp_total_views":3,"footnotes":""},"class_list":["post-1388","page","type-page","status-publish"],"_links":{"self":[{"href":"https:\/\/zvjezdice.hr\/en\/wp-json\/wp\/v2\/pages\/1388","targetHints":{"allow":["GET"]}}],"collection":[{"href":"https:\/\/zvjezdice.hr\/en\/wp-json\/wp\/v2\/pages"}],"about":[{"href":"https:\/\/zvjezdice.hr\/en\/wp-json\/wp\/v2\/types\/page"}],"author":[{"embeddable":true,"href":"https:\/\/zvjezdice.hr\/en\/wp-json\/wp\/v2\/users\/1"}],"replies":[{"embeddable":true,"href":"https:\/\/zvjezdice.hr\/en\/wp-json\/wp\/v2\/comments?post=1388"}],"version-history":[{"count":3,"href":"https:\/\/zvjezdice.hr\/en\/wp-json\/wp\/v2\/pages\/1388\/revisions"}],"predecessor-version":[{"id":1939,"href":"https:\/\/zvjezdice.hr\/en\/wp-json\/wp\/v2\/pages\/1388\/revisions\/1939"}],"wp:attachment":[{"href":"https:\/\/zvjezdice.hr\/en\/wp-json\/wp\/v2\/media?parent=1388"}],"curies":[{"name":"wp","href":"https:\/\/api.w.org\/{rel}","templated":true}]}}