{"id":1381,"date":"2017-10-09T12:50:44","date_gmt":"2017-10-09T12:50:44","guid":{"rendered":"https:\/\/zvjezdice.hr\/?page_id=1381"},"modified":"2018-02-03T21:23:28","modified_gmt":"2018-02-03T20:23:28","slug":"biography","status":"publish","type":"page","link":"https:\/\/zvjezdice.hr\/en\/biography\/","title":{"rendered":"Biography"},"content":{"rendered":"<div class=\"wpb-content-wrapper\">[vc_row][vc_column width=&#8221;2\/3&#8243; css=&#8221;.vc_custom_1508948563100{padding-right: 25px !important;}&#8221;][vc_column_text]\n<div style=\"text-align: justify;\">\n<p>\u201cZvjezdice\u201d Girls\u2019 Choir is one of the most representative music ensembles in Zagreb and Croatia. It was founded in 1985 and forms part of the Youth Music Institut in Zagreb. The members of the choir are all outstanding students of primary and secondary schools in Zagreb.<\/p>\n<p>In more than three decades of its existence, the choir has developed a strong cooperation with the most prominent Croatian and world\u2019s ensembles and performers, as well as with many conductors \u2013 from both Croatia and abroad.<\/p>\n<p>The choir has performed alongside the Brussel\u2019s Philharmonic orchestra, \u00a0Zagreb Soloists, the Zagreb Philharmonic Orchestra, \u00a0Two Cellos, the Symphony Orchestra of the the Croatian Radiotelevision (HRT), \u00a0Croatian Chamber Orchestra, the Opera Orchestra of the Croatian National Theatre (HNK), the Zagreb Wind Trio, the Croatian Army Symphony Wind Orchestra, the Tamburica Orchestra of the Croatian Radiotelevision\u00a0 etc.<\/p>\n<p>Furthermore, the choir has performed under the direction of many renowned conductors such as V.Gergiev, Sir N.Mariner, H.Graf,\u00a0 L.Hager, P. De\u0161palj, K. Ono, M. Horvat, N. Bareza, , R.F. de Burgos, A. Rahbari, F. Shipway, S.Dini\u0107, I.Repu\u0161i\u0107, V.\u0160utej, V. Kranj\u010devi\u0107, U.Lajovic, S.Dini\u0107, I.Repu\u0161i\u0107, V.\u0160utej etc.<\/p>\n<p>Choir\u2019s wide range of activities inside Croatia also includes a cappella performances at the International Children\u2019s Festival in \u0160ibenik (1990), Dubrovnik Summer Festival (2000), Music Biennale Zagreb (2011), Milko Kelemen Days -Slatina (2014).<\/p>\n<p>&nbsp;<\/p>\n<p>The \u201cZvjezdice\u201d choir filled the audience with enthusiasm in Norway, France, Italy, Switzerland, Germany, Austria, Russia, Slovenia, Bosnia and Herzegovina, etc.<\/p>\n<p>&nbsp;<\/p>\n<p>In a series of its notable international appearances, two United States tours deserve special mention. First came the highly successful tour in 2003 (New York, Pittsburgh, Dayton, Northern Kentucky), when the choir received a major acknowledgement \u2013 with December 12 being declared the \u201cZvjezdice\u201d Day in New York and December 19 the \u201cZvjezdice\u201d Day in Dayton. The other equally successful tour took place respectively in Cincinnati, Pittsburgh, Cleveland, Los Angeles, Chicago and New York in 2004, and included the concert in the Church of the Holy Family at the United Nations Chapel in New York under the high patronage of Archbishop Celestino Migliore, the Permanent Observer of the Holy See at the UN. In 2006, the tour to Australia and Malaysia (Melbourne, Canberra, Sydney, Kuala Lumpur) followed, and the tour to Canada took place in 2008.<\/p>\n<p>More recent international successes of the \u201cZvjezdice\u201d include the concert at New York\u2019s Lincoln center in 2010, as well as the concert held on Europe Day in the Milan cathedral, the participation in Croatia-Slovenia project The Symphony of a Thousand by Gustav Mahler in 2011, the tour to Saint Petersburg in 2012 , the participation in the War Requiem in 2013, the participation in the international project \u201e1000 Voices For Peace\u201c, marking the 100th anniversary of WWI, in Bruxelles (2014) and a\u00a0 concert at The John F. Kennedy Center for the Performing Arts on their\u00a0 4th US tour (Washington, 2015)<\/p>\n<p>Many works by the leading Croatian composers have been dedicated to the \u201cZvjezdice\u201d choir, most notably The Four Seasons by Davorin Kempf, Orion, Venus, Andromeda by Milko Kelemen and Djevoja\u010dke vede (Maiden Vedas) by Ivo Josipovi\u0107.<\/p>\n<p>&nbsp;<\/p>\n<p>The \u201cZvjezdice\u201d choir has received many national and international awards and some of the most notable are: two awards for best performance at the International Choir Festival in Llangollen, North Wales (the International Musical Eisteddfod), the outstanding performance awards at the Sligo Choir Festival, Ireland and Stavanger, Norway, the award for the best performance of a contemporary composition at the International Youth Choir Festival Celje. In 1991, at the Vara\u017edin Baroque Nights, the choir received the Ivan Lukacic Award for outstanding performance of the G.B. Pergolesi&#8217;s Stabat Mater. Zvjezdice won the Milka Trnina Award for their 25th Anniversary Concert in Zagreb.<\/p>\n<p>The choir has been appointed the cultural ambassador of the Republic of Croatia by the European Federation of Choirs of the Union.<\/p>\n<p>The choir has an impressive discography list, consisting of several hundreds of recordings, a series of independent releases such as the CD Ave Mundi Gloria, a double CD titled the Zvjezdice jubilee (released for the choir\u2019s 15th anniversary), DVDs released respectively on the occasion of the 20th and 25th anniversary, CD: the Zvjezdice 20 years with Croatian composers, and Christmas editions produced in cooperation with the Zagreb Soloists, the Zagreb Wind Trio, the Zagreb Philharmonic Orchestra and the Croatian Army Orchestra. The CD titled \u201cThe Greatest Christmas Hits\u201d created in cooperation with the Zagreb Soloists is the award winner of the Croatian discography awards Porin for the year 2010. Zvjezdice&#8217;s latest CD &#8220;Brahms, Britten&#8221;, was released in 2015, marking the choir&#8217;s 30th Anniversary.<\/p>\n<p>Since the very beginning to date, the choir\u2019s artistic leader has been maestro Zdravko \u0160ljivac to whom it owes its success and acclaim.<\/p>\n<\/div>\n[\/vc_column_text][vc_column_text]\n<h3>Zdravko \u0160ljivac, artistic director and conductor<\/h3>\n<p><a href=\"https:\/\/zvjezdice.hr\/wp-content\/uploads\/2017\/10\/zdravko-sljivac-dirigent.jpg\"><img loading=\"lazy\" decoding=\"async\" class=\"size-medium wp-image-956 alignleft\" src=\"https:\/\/zvjezdice.hr\/wp-content\/uploads\/2017\/10\/zdravko-sljivac-dirigent-201x300.jpg\" alt=\"\" width=\"201\" height=\"300\" srcset=\"https:\/\/zvjezdice.hr\/wp-content\/uploads\/2017\/10\/zdravko-sljivac-dirigent-201x300.jpg 201w, https:\/\/zvjezdice.hr\/wp-content\/uploads\/2017\/10\/zdravko-sljivac-dirigent.jpg 535w\" sizes=\"auto, (max-width: 201px) 100vw, 201px\" \/><\/a><\/p>\n<p>A versatile musician, composer, producer, conductor, music teacher, editor and associate of the Croatian Television.<\/p>\n<p>He is the founder of the Zvjezdice Girls\u2019 Choir and has been acting as its permanent conductor for the past 22 years. Under his direction, the choir has won many national and international awards (two awards for the best performance at the International Choral Festival in Wales, awards for an outstanding performance in Norway and Ireland, the award for the best performance of a contemporary composition at the International Youth Choir Festival Celje, etc.)<\/p>\n<p>He is a multiple winner of \u201cPorin\u201d, the Croatian discography award, in several categories (the best production of classical music, the best production of Croatian traditional music, the best production of children\u2019s music, etc.), the Vara\u017edin Baroque Evenings award and the Croatian Composers\u2019 Society award.<\/p>\n<p>Zdravko \u0160ljivac has composed music for a number of television films and series and theatre plays. He is the artistic director and the originator of numerous music projects and festivals. He was an associate and the conductor of the World Children\u2019s Choir in Paris and has nurtured young talents through his outstanding work in music education. He acts as a member of many music juries, the president of the Croatian Association of Conductors and Choirs.<\/p>\n<p>\u0160ljivac has collaborated with the Zagreb Soloists, the Symphony Orchestra of the Croatian Radiotelevision (HRT), the Zagreb Philharmonic Orchestra, the Opera Orchestra of the Croatian National Theatre (HNK), the Croatian Chamber Orchestra, the Croatian Army Symphony Orchestra, the Tamburica Orchestra of the Croatian Radiotelevision (HRT), etc. He is a regular member of the Croatian Composers\u2019 Society and has been appointed the cultural ambassador of the Republic of Croatia by the European Federation of Choirs of the Union.[\/vc_column_text][\/vc_column][vc_column width=&#8221;1\/3&#8243;][vc_column_text]\n<h3>TOURS<\/h3>\n<p>Norway 1989 (Oslo, Stavanger, Skien)<\/p>\n<p>USA 2003 (New York, Pittsburgh, Dayton, Northern Kentucky)<\/p>\n<p>USA 2004 (Cincinnati, Pittsburgh, Cleveland, Los Angeles, Chicago, New York)<\/p>\n<p>Australia and Malaysia 2006 (Melbourne, Canberra, Sydney, Kuala Lumpur)<\/p>\n<p>Canada 2008 (Toronto)<\/p>\n<p>USA 2010 (Chicago, Cleveland, Grand Rapids, New York)<\/p>\n<p>USA 2015 (Washington, Ojai, Palm Springs)<\/p>\n<p>USA 2017 (New York, Harrisburg, Pittsburgh, Chicago)[\/vc_column_text][vc_single_image image=&#8221;959&#8243; img_size=&#8221;medium&#8221; alignment=&#8221;center&#8221;][vc_column_text]\n<h3>INTERNATIONAL PERFORMANCES<\/h3>\n<p>France: Paris, Nantes, Auxere<\/p>\n<p>Austria: Linz, Salzburg, Wien<\/p>\n<p>Italy: Milano, Vicenza, Riva del Guarda<\/p>\n<p>Switzerland: Z\u00fcrich<\/p>\n<p>Germany: F\u00fcssen<\/p>\n<p>Slovenia: Celje, Ljubljana<\/p>\n<p>Bosnia and Herzegovina: Sarajevo<\/p>\n<p>United Kingdom: Llangollen<\/p>\n<p>Ireland: Sligo<\/p>\n<p>Russia: Moscow, St Petersburg<\/p>\n<p>Malezia: Kuala Lumpur<\/p>\n[\/vc_column_text][\/vc_column][\/vc_row]\n<\/div>","protected":false},"excerpt":{"rendered":"<p>[vc_row][vc_column width=&#8221;2\/3&#8243; css=&#8221;.vc_custom_1508948563100{padding-right: 25px !important;}&#8221;][vc_column_text] \u201cZvjezdice\u201d Girls\u2019 Choir is one of the most representative music ensembles in Zagreb and Croatia. It was founded in 1985 and forms part of the Youth Music Institut in Zagreb. The members of the choir are all outstanding students of primary and secondary schools in Zagreb. In more than three<span class=\"read-more\"><a href=\"https:\/\/zvjezdice.hr\/en\/biography\/\" title=\"Read More\">More<\/a><\/span><\/p>\n","protected":false},"author":1,"featured_media":0,"parent":0,"menu_order":0,"comment_status":"closed","ping_status":"closed","template":"page-blocks.php","meta":{"iawp_total_views":66,"footnotes":""},"class_list":["post-1381","page","type-page","status-publish"],"_links":{"self":[{"href":"https:\/\/zvjezdice.hr\/en\/wp-json\/wp\/v2\/pages\/1381","targetHints":{"allow":["GET"]}}],"collection":[{"href":"https:\/\/zvjezdice.hr\/en\/wp-json\/wp\/v2\/pages"}],"about":[{"href":"https:\/\/zvjezdice.hr\/en\/wp-json\/wp\/v2\/types\/page"}],"author":[{"embeddable":true,"href":"https:\/\/zvjezdice.hr\/en\/wp-json\/wp\/v2\/users\/1"}],"replies":[{"embeddable":true,"href":"https:\/\/zvjezdice.hr\/en\/wp-json\/wp\/v2\/comments?post=1381"}],"version-history":[{"count":11,"href":"https:\/\/zvjezdice.hr\/en\/wp-json\/wp\/v2\/pages\/1381\/revisions"}],"predecessor-version":[{"id":2127,"href":"https:\/\/zvjezdice.hr\/en\/wp-json\/wp\/v2\/pages\/1381\/revisions\/2127"}],"wp:attachment":[{"href":"https:\/\/zvjezdice.hr\/en\/wp-json\/wp\/v2\/media?parent=1381"}],"curies":[{"name":"wp","href":"https:\/\/api.w.org\/{rel}","templated":true}]}}