{"id":1363,"date":"2017-10-09T11:41:40","date_gmt":"2017-10-09T11:41:40","guid":{"rendered":"https:\/\/zvjezdice.hr\/?page_id=1363"},"modified":"2018-02-03T21:18:10","modified_gmt":"2018-02-03T20:18:10","slug":"advanced-home","status":"publish","type":"page","link":"https:\/\/zvjezdice.hr\/en\/","title":{"rendered":"Advanced Home"},"content":{"rendered":"<div class=\"wpb-content-wrapper\">[vc_row][vc_column width=&#8221;2\/3&#8243;]\n<div class=\"block-wrap term-wrap-1\">\n\t\n\t\t\t\n\t\t<h4 class=\"section-head cf cat-border-1\">\n\t\t\t<span class=\"title\"><a href=\"https:\/\/zvjezdice.hr\/category\/novosti\/\">Concerts<\/a><\/span>\n\t\t\t\n\t\t\t\t\t\t\t<a href=\"https:\/\/zvjezdice.hr\/category\/novosti\/\" class=\"more\">View all <i class=\"fa fa-caret-right\"><\/i><\/a>\n\t\t\t\t\t\t\n\t\t\t\t\t\n\t\t\t\t\t<\/h4>\n\n\t\t\n\t\t\n\t\t\t\n\t\n\t<div class=\"ts-row posts-grid listing-grid grid-2 \">\n\t\t\n\t\t\t\t\t\n\t\t<div class=\"column half\">\n\t\t\n\t\t\t<article class=\"post-2260 post type-post status-publish format-standard has-post-thumbnail category-news\" itemscope itemtype=\"http:\/\/schema.org\/Article\">\n\t\t\t\t\n\t\t\t\t<a href=\"https:\/\/zvjezdice.hr\/en\/carmina-burana-in-off-cycle\/\" class=\"image-link\">\n\t\t\t\t\t<img loading=\"lazy\" decoding=\"async\" width=\"359\" height=\"201\" src=\"https:\/\/zvjezdice.hr\/wp-content\/uploads\/2018\/11\/30127212_981143562049096_5082566484501200896_n-359x201.jpg\" class=\"image wp-post-image\" alt=\"\" title=\"CARMINA BURANA IN OFF CYCLE\" itemprop=\"image\" \/>\t\t\t\t\t\n\t\t\t\t\t\t\t\t<span class=\"image-overlay\"><\/span>\r\n\t\t\t\r\n\t\t\t<span class=\"meta-overlay\">\r\n\t\t\t\t<span class=\"meta\">\r\n\t\t\t\t\r\n\t\t\t\t<span class=\"post-format \"><i class=\"fa fa-file-text-o\"><\/i><\/span>\r\n\t\t\t\t\r\n\t\t\t\t<\/span>\r\n\t\t\t<\/span>\r\n\t\t\t\t\t\t<\/a>\n\t\t\t\t\n\t\t\t\t<div class=\"meta\">\n\n\t\t\t\t\t<span class=\"listing-meta\"><time datetime=\"2018-11-27T19:05:55+01:00\" itemprop=\"datePublished\">27\/11\/2018<\/time><\/span>\t\t\t\t\t\t\n\t\t\t\t\t\t\t\t<a href=\"https:\/\/zvjezdice.hr\/en\/carmina-burana-in-off-cycle\/#respond\"><span class=\"comment-count\">0<\/span><\/a>\r\n\t\t\t\t\t\t\t\n\t\t\t\t<\/div>\n\t\t\t\t\n\t\t\t\t<h2 itemprop=\"name\"><a href=\"https:\/\/zvjezdice.hr\/en\/carmina-burana-in-off-cycle\/\" itemprop=\"url\" class=\"post-link\">CARMINA BURANA IN OFF CYCLE<\/a><\/h2>\n\t\t\t\t\n\t\t\t\t<div class=\"excerpt text-font\"><p>Zagreb Philharmonic AKZ Ivan Goran Kova\u010di\u0107 Girls choir Little Stars Miran Vaupoti\u0107,conductor   Concert hall&hellip;<span class=\"read-more\"><a href=\"https:\/\/zvjezdice.hr\/en\/carmina-burana-in-off-cycle\/\" title=\"Read More\">More<\/a><\/span><\/p>\n<\/div>\n\t\t\t\n\t\t\t<\/article>\n\t\t<\/div>\n\t\t\t\n\t\t\t\t\t\n\t\t<div class=\"column half\">\n\t\t\n\t\t\t<article class=\"post-2117 post type-post status-publish format-standard has-post-thumbnail category-news category-slider-en\" itemscope itemtype=\"http:\/\/schema.org\/Article\">\n\t\t\t\t\n\t\t\t\t<a href=\"https:\/\/zvjezdice.hr\/en\/croatian-first-performance-and-a-premiere-of-childrens-opera-brundibar\/\" class=\"image-link\">\n\t\t\t\t\t<img loading=\"lazy\" decoding=\"async\" width=\"359\" height=\"201\" src=\"https:\/\/zvjezdice.hr\/wp-content\/uploads\/2018\/01\/brundibar-359x201.jpg\" class=\"image wp-post-image\" alt=\"\" title=\"CROATIAN FIRST PERFORMANCE AND A PREMIERE OF CHILDREN&#8217;s OPERA BRUNDIB\u00c1R\" itemprop=\"image\" \/>\t\t\t\t\t\n\t\t\t\t\t\t\t\t<span class=\"image-overlay\"><\/span>\r\n\t\t\t\r\n\t\t\t<span class=\"meta-overlay\">\r\n\t\t\t\t<span class=\"meta\">\r\n\t\t\t\t\r\n\t\t\t\t<span class=\"post-format \"><i class=\"fa fa-file-text-o\"><\/i><\/span>\r\n\t\t\t\t\r\n\t\t\t\t<\/span>\r\n\t\t\t<\/span>\r\n\t\t\t\t\t\t<\/a>\n\t\t\t\t\n\t\t\t\t<div class=\"meta\">\n\n\t\t\t\t\t<span class=\"listing-meta\"><time datetime=\"2018-01-30T12:36:13+01:00\" itemprop=\"datePublished\">30\/01\/2018<\/time><\/span>\t\t\t\t\t\t\n\t\t\t\t\t\t\t\t<a href=\"https:\/\/zvjezdice.hr\/en\/croatian-first-performance-and-a-premiere-of-childrens-opera-brundibar\/#respond\"><span class=\"comment-count\">0<\/span><\/a>\r\n\t\t\t\t\t\t\t\n\t\t\t\t<\/div>\n\t\t\t\t\n\t\t\t\t<h2 itemprop=\"name\"><a href=\"https:\/\/zvjezdice.hr\/en\/croatian-first-performance-and-a-premiere-of-childrens-opera-brundibar\/\" itemprop=\"url\" class=\"post-link\">CROATIAN FIRST PERFORMANCE AND A PREMIERE OF CHILDREN&#8217;s OPERA BRUNDIB\u00c1R<\/a><\/h2>\n\t\t\t\t\n\t\t\t\t<div class=\"excerpt text-font\"><p>On the occasion of the International Holocaust Remembrance\u00a0Day Children&#8217;s Opera Choir Zvjezdice performed Hans Kr\u00e1sa&#8217;s&hellip;<span class=\"read-more\"><a href=\"https:\/\/zvjezdice.hr\/en\/croatian-first-performance-and-a-premiere-of-childrens-opera-brundibar\/\" title=\"Read More\">More<\/a><\/span><\/p>\n<\/div>\n\t\t\t\n\t\t\t<\/article>\n\t\t<\/div>\n\t\t\t\n\t\t\t\t\t\t\n\t<\/div>\n\t\n\t\n\t\n\t\t<div class=\"main-pagination \"><span aria-current=\"page\" class=\"page-numbers current\">1<\/span>\n<a class=\"page-numbers\" href=\"https:\/\/zvjezdice.hr\/en\/wp-json\/wp\/v2\/pages\/1363\/page\/2\/\">2<\/a>\n<a class=\"page-numbers\" href=\"https:\/\/zvjezdice.hr\/en\/wp-json\/wp\/v2\/pages\/1363\/page\/3\/\">3<\/a>\n<a class=\"page-numbers\" href=\"https:\/\/zvjezdice.hr\/en\/wp-json\/wp\/v2\/pages\/1363\/page\/4\/\">4<\/a>\n<a class=\"next page-numbers\" href=\"https:\/\/zvjezdice.hr\/en\/wp-json\/wp\/v2\/pages\/1363\/page\/2\/\"><span class=\"visuallyhidden\">Next<\/span><i class=\"fa fa-angle-right\"><\/i><\/a><\/div>\t\t\t\t\n\t\t\n\n\t\n\n\n\n<\/div>\n[\/vc_column][vc_column width=&#8221;1\/3&#8243;][vc_column_text]\n<h3>AUDITION AND ADMISSION TO CHORAL STUDIO \u201eZVJEZDICE\u201c<\/h3>\n<p>We are inviting all excellent primary school pupils from the 1st to 4th grade to audition and join our new Children\u2019s Opera Ensemble. Audition and admission are also open for excellent female pupils from the 5th to the 7th grade \u2013 for membership in the \u201cZvjezdice\u201d Girls\u2019 Choir. For further details please contact us at <a href=\"mailto:littlestarzvjezdice@gmail.com\"><strong>l<\/strong><\/a><strong><span id=\"cloak3df9927581507c83d84fbc6b24aed756\"><a href=\"mailto:littlestarszvjezdice@gmail.com\">ittlestarszvjezdice@gmail.com<\/a><\/span> or 099 3554 903.<\/strong>[\/vc_column_text][\/vc_column][\/vc_row]\n<\/div>","protected":false},"excerpt":{"rendered":"<p>[vc_row][vc_column width=&#8221;2\/3&#8243;][\/vc_column][vc_column width=&#8221;1\/3&#8243;][vc_column_text] AUDITION AND ADMISSION TO CHORAL STUDIO \u201eZVJEZDICE\u201c We are inviting all excellent primary school pupils from the 1st to 4th grade to audition and join our new Children\u2019s Opera Ensemble. Audition and admission are also open for excellent female pupils from the 5th to the 7th grade \u2013 for membership in the<span class=\"read-more\"><a href=\"https:\/\/zvjezdice.hr\/en\/croatian-first-performance-and-a-premiere-of-childrens-opera-brundibar\/\" title=\"Read More\">More<\/a><\/span><\/p>\n","protected":false},"author":1,"featured_media":0,"parent":0,"menu_order":0,"comment_status":"open","ping_status":"open","template":"page-blocks.php","meta":{"iawp_total_views":27,"footnotes":""},"class_list":["post-1363","page","type-page","status-publish"],"_links":{"self":[{"href":"https:\/\/zvjezdice.hr\/en\/wp-json\/wp\/v2\/pages\/1363","targetHints":{"allow":["GET"]}}],"collection":[{"href":"https:\/\/zvjezdice.hr\/en\/wp-json\/wp\/v2\/pages"}],"about":[{"href":"https:\/\/zvjezdice.hr\/en\/wp-json\/wp\/v2\/types\/page"}],"author":[{"embeddable":true,"href":"https:\/\/zvjezdice.hr\/en\/wp-json\/wp\/v2\/users\/1"}],"replies":[{"embeddable":true,"href":"https:\/\/zvjezdice.hr\/en\/wp-json\/wp\/v2\/comments?post=1363"}],"version-history":[{"count":6,"href":"https:\/\/zvjezdice.hr\/en\/wp-json\/wp\/v2\/pages\/1363\/revisions"}],"predecessor-version":[{"id":2125,"href":"https:\/\/zvjezdice.hr\/en\/wp-json\/wp\/v2\/pages\/1363\/revisions\/2125"}],"wp:attachment":[{"href":"https:\/\/zvjezdice.hr\/en\/wp-json\/wp\/v2\/media?parent=1363"}],"curies":[{"name":"wp","href":"https:\/\/api.w.org\/{rel}","templated":true}]}}