{"id":1088,"date":"2017-10-05T09:20:28","date_gmt":"2017-10-05T09:20:28","guid":{"rendered":"https:\/\/zvjezdice.hr\/?page_id=1088"},"modified":"2018-01-22T17:22:39","modified_gmt":"2018-01-22T16:22:39","slug":"videoaudio","status":"publish","type":"page","link":"https:\/\/zvjezdice.hr\/en\/videoaudio\/","title":{"rendered":"Video\/audio"},"content":{"rendered":"<div class=\"wpb-content-wrapper\">[vc_row][vc_column width=&#8221;1\/3&#8243;][vc_column_text]\n<p style=\"text-align: center;\">2Cellos, M. Pe\u010dnik, L. Ko\u0161avi\u0107, D. Ked\u017eo&amp;Zvjezdice:<\/p>\n<p style=\"text-align: center;\">Silent Night<\/p>\n<p><iframe loading=\"lazy\" src=\"https:\/\/www.youtube.com\/embed\/XISNlHWIU6o\" width=\"560\" height=\"315\" frameborder=\"0\" allowfullscreen=\"allowfullscreen\"><\/iframe>[\/vc_column_text][\/vc_column][vc_column width=&#8221;1\/3&#8243;][vc_column_text]\n<p style=\"text-align: center;\">Stjepan Hauser and Zvjezdice-Xmas in Cibona<\/p>\n<p style=\"text-align: center;\">C. Franck: Panis Angelicus<\/p>\n<p style=\"text-align: center;\"><iframe loading=\"lazy\" src=\"https:\/\/www.youtube.com\/embed\/1IKOM8__FwI\" width=\"560\" height=\"315\" frameborder=\"0\" allowfullscreen=\"allowfullscreen\"><\/iframe><\/p>\n[\/vc_column_text][\/vc_column][vc_column width=&#8221;1\/3&#8243;][vc_column_text]\n<p style=\"text-align: center;\">Stjepan Hauser and Zvjezdice<\/p>\n<p style=\"text-align: center;\">F. Schubert: Ave Maria<\/p>\n<p><iframe loading=\"lazy\" src=\"https:\/\/www.youtube.com\/embed\/bgv_AHQN7Wg\" width=\"560\" height=\"315\" frameborder=\"0\" allowfullscreen=\"allowfullscreen\"><\/iframe>[\/vc_column_text][\/vc_column][\/vc_row][vc_row][vc_column width=&#8221;1\/3&#8243;][vc_column_text]\n<p style=\"text-align: center;\">Zvjezdice &amp; Zagreb solist :<\/p>\n<p style=\"text-align: center;\">F.Schubert: Missa in G (Sanctus)<\/p>\n<p><iframe loading=\"lazy\" src=\"https:\/\/www.youtube.com\/embed\/F_T7k3Ndyz8\" width=\"560\" height=\"315\" frameborder=\"0\" allowfullscreen=\"allowfullscreen\"><\/iframe>[\/vc_column_text][\/vc_column][vc_column width=&#8221;1\/3&#8243;][vc_column_text]\n<p style=\"text-align: center;\">Choir Zvjezdice &amp; Ex Zvjezdice<\/p>\n<p style=\"text-align: center;\">S. S. Mokranjac: Tebe pojem<\/p>\n<p><iframe loading=\"lazy\" src=\"https:\/\/www.youtube.com\/embed\/r1qeKPakD0I\" width=\"560\" height=\"315\" frameborder=\"0\" allowfullscreen=\"allowfullscreen\"><\/iframe>[\/vc_column_text][\/vc_column][vc_column width=&#8221;1\/3&#8243;][vc_column_text]\n<p style=\"text-align: center;\">Zvjezdice-M.Kelemen:<\/p>\n<p style=\"text-align: center;\">Orion,Venus,Andromeda<\/p>\n<p><iframe loading=\"lazy\" src=\"https:\/\/www.youtube.com\/embed\/teAnP6Ooz6o\" width=\"560\" height=\"315\" frameborder=\"0\" allowfullscreen=\"allowfullscreen\"><\/iframe>[\/vc_column_text][\/vc_column][\/vc_row][vc_row][vc_column width=&#8221;1\/3&#8243;][vc_column_text]\n<p style=\"text-align: center;\">Zvjezdice: Djevoja\u010dke vede<\/p>\n<p style=\"text-align: center;\">(I. Josipovi\u0107 &#8211; I. Hajsan)<\/p>\n<p><iframe loading=\"lazy\" src=\"https:\/\/www.youtube.com\/embed\/7YdEUUzGoxk\" width=\"560\" height=\"315\" frameborder=\"0\" allowfullscreen=\"allowfullscreen\"><\/iframe>[\/vc_column_text][\/vc_column][vc_column width=&#8221;1\/3&#8243;][vc_column_text]\n<p style=\"text-align: center;\">Zvjezdice:<\/p>\n<p style=\"text-align: center;\">G. Wirth: Missa Apostolica -Gloria<\/p>\n<p><iframe loading=\"lazy\" src=\"https:\/\/www.youtube.com\/embed\/5DQQ0QWE6BE\" width=\"560\" height=\"315\" frameborder=\"0\" allowfullscreen=\"allowfullscreen\"><\/iframe>[\/vc_column_text][\/vc_column][vc_column width=&#8221;1\/3&#8243;][vc_column_text]\n<p style=\"text-align: center;\">Choir Zvjezdice<\/p>\n<p style=\"text-align: center;\">F. Bartholdy-Mendelssohn: Laudate pueri<\/p>\n<p><iframe loading=\"lazy\" src=\"https:\/\/www.youtube.com\/embed\/txuBWgmqVBc\" width=\"560\" height=\"315\" frameborder=\"0\" allowfullscreen=\"allowfullscreen\"><\/iframe>[\/vc_column_text][\/vc_column][\/vc_row][vc_row][vc_column width=&#8221;1\/3&#8243;][vc_column_text]\n<p style=\"text-align: center;\">Zvjezdice- B.Britten:<\/p>\n<p style=\"text-align: center;\">A ceremony of Carols-Balulalow<\/p>\n<p><iframe loading=\"lazy\" src=\"https:\/\/www.youtube.com\/embed\/V_ELqk36840\" width=\"560\" height=\"315\" frameborder=\"0\" allowfullscreen=\"allowfullscreen\"><\/iframe>[\/vc_column_text][\/vc_column][vc_column width=&#8221;1\/3&#8243;][vc_column_text]\n<p style=\"text-align: center;\">Zvjezdice: A Ceremony of Carols &#8211;<\/p>\n<p style=\"text-align: center;\">Deo Gracias (B. Britten)<\/p>\n<p><iframe loading=\"lazy\" src=\"https:\/\/www.youtube.com\/embed\/MFTw21AW1Q0\" width=\"560\" height=\"315\" frameborder=\"0\" allowfullscreen=\"allowfullscreen\"><\/iframe>[\/vc_column_text][\/vc_column][vc_column width=&#8221;1\/3&#8243;][vc_column_text]\n<p style=\"text-align: center;\">Zvjezdice-B.Britten:<\/p>\n<p style=\"text-align: center;\">A ceremony of Carols-This little babe<\/p>\n<p><iframe loading=\"lazy\" src=\"https:\/\/www.youtube.com\/embed\/qS2jFX7OtqU\" width=\"560\" height=\"315\" frameborder=\"0\" allowfullscreen=\"allowfullscreen\"><\/iframe>[\/vc_column_text][\/vc_column][\/vc_row][vc_row][vc_column width=&#8221;1\/3&#8243;][vc_column_text]\n<p style=\"text-align: center;\">Zvjezdice-J. Strauss Jr :<\/p>\n<p style=\"text-align: center;\">Tritsch &#8211; Tratsch polk<\/p>\n<p><iframe loading=\"lazy\" src=\"https:\/\/www.youtube.com\/embed\/gqMDT9tVo8Y\" width=\"560\" height=\"315\" frameborder=\"0\" allowfullscreen=\"allowfullscreen\"><\/iframe>[\/vc_column_text][\/vc_column][vc_column width=&#8221;1\/3&#8243;][vc_column_text]\n<p style=\"text-align: center;\">Zvjezdice, W.A.Mozart,<\/p>\n<p style=\"text-align: center;\">Misa brevis u B-duru, KV 275 \/ Credo<\/p>\n<p><iframe loading=\"lazy\" src=\"https:\/\/www.youtube.com\/embed\/x3ip2d-SNjI\" width=\"560\" height=\"315\" frameborder=\"0\" allowfullscreen=\"allowfullscreen\"><\/iframe>[\/vc_column_text][\/vc_column][vc_column width=&#8221;1\/3&#8243;][vc_column_text]\n<p style=\"text-align: center;\">Choir Zvjezdice,Josipa Lisac &amp; Z.solisti :<\/p>\n<p style=\"text-align: center;\">J. Brahms \/ I. Kuljeri\u0107 ;Uspavanka<\/p>\n<p><iframe loading=\"lazy\" src=\"https:\/\/www.youtube.com\/embed\/ufrnhh_tyWI\" width=\"560\" height=\"315\" frameborder=\"0\" allowfullscreen=\"allowfullscreen\"><\/iframe>[\/vc_column_text][\/vc_column][\/vc_row][vc_row][vc_column width=&#8221;1\/3&#8243;][vc_column_text]\n<p style=\"text-align: center;\">Zvjezdice &amp; Ex Zvjezdice-<\/p>\n<p style=\"text-align: center;\">P.Gotovac: Ave Maria<\/p>\n<p><iframe loading=\"lazy\" src=\"https:\/\/www.youtube.com\/embed\/PsIJq8KM_Yk\" width=\"560\" height=\"315\" frameborder=\"0\" allowfullscreen=\"allowfullscreen\"><\/iframe>[\/vc_column_text][\/vc_column][vc_column width=&#8221;1\/3&#8243;][vc_column_text]\n<p style=\"text-align: center;\">Ex Zvjezdice &amp; Tambura\u0161ki orkestar HRT-a:<\/p>\n<p style=\"text-align: center;\">\u0160tefanje<\/p>\n<p><iframe loading=\"lazy\" src=\"https:\/\/www.youtube.com\/embed\/Ldz_ny3VQiY\" width=\"560\" height=\"315\" frameborder=\"0\" allowfullscreen=\"allowfullscreen\"><\/iframe>[\/vc_column_text][\/vc_column][vc_column width=&#8221;1\/3&#8243;][vc_column_text]\n<p style=\"text-align: center;\">Ex Zvjezdice&amp;Tambura\u0161ki orkestar HRT-a:<\/p>\n<p style=\"text-align: center;\">Lepe ti je zagorje Zelene<\/p>\n<p><iframe loading=\"lazy\" src=\"https:\/\/www.youtube.com\/embed\/9turBoz4CW0\" width=\"560\" height=\"315\" frameborder=\"0\" allowfullscreen=\"allowfullscreen\"><\/iframe>[\/vc_column_text][\/vc_column][\/vc_row][vc_row][vc_column width=&#8221;1\/3&#8243;][vc_column_text]\n<p style=\"text-align: center;\">Ex Zvjezdice &amp; Tambura\u0161ki orkestar HRT-a:<\/p>\n<p style=\"text-align: center;\">Nekaj grmi z Otrovanca<\/p>\n<p><iframe loading=\"lazy\" src=\"https:\/\/www.youtube.com\/embed\/zTbfUos8DgA\" width=\"560\" height=\"315\" frameborder=\"0\" allowfullscreen=\"allowfullscreen\"><\/iframe>[\/vc_column_text][\/vc_column][vc_column width=&#8221;1\/3&#8243;][vc_column_text]\n<p style=\"text-align: center;\">Zvjezdice&amp; Z.solisti:<\/p>\n<p style=\"text-align: center;\">G.Wirth: Missa Apostolica-Credo<\/p>\n<p><iframe loading=\"lazy\" src=\"https:\/\/www.youtube.com\/embed\/PAGd2wF1MV8\" width=\"560\" height=\"315\" frameborder=\"0\" allowfullscreen=\"allowfullscreen\"><\/iframe>[\/vc_column_text][\/vc_column][vc_column width=&#8221;1\/3&#8243;][vc_column_text]\n<p style=\"text-align: center;\">Ex Zvjezdice &amp; Tambura\u0161ki orkestar HRT-a :<\/p>\n<p style=\"text-align: center;\">Turopoljski svati<\/p>\n<p><iframe loading=\"lazy\" src=\"https:\/\/www.youtube.com\/embed\/T576SaIAxNM\" width=\"560\" height=\"315\" frameborder=\"0\" allowfullscreen=\"allowfullscreen\"><\/iframe>[\/vc_column_text][\/vc_column][\/vc_row]\n<\/div>","protected":false},"excerpt":{"rendered":"<p>[vc_row][vc_column width=&#8221;1\/3&#8243;][vc_column_text] 2Cellos, M. Pe\u010dnik, L. Ko\u0161avi\u0107, D. Ked\u017eo&amp;Zvjezdice: Silent Night [\/vc_column_text][\/vc_column][vc_column width=&#8221;1\/3&#8243;][vc_column_text] Stjepan Hauser and Zvjezdice-Xmas in Cibona C. Franck: Panis Angelicus [\/vc_column_text][\/vc_column][vc_column width=&#8221;1\/3&#8243;][vc_column_text] Stjepan Hauser and Zvjezdice F. Schubert: Ave Maria [\/vc_column_text][\/vc_column][\/vc_row][vc_row][vc_column width=&#8221;1\/3&#8243;][vc_column_text] Zvjezdice &amp; Zagreb solist : F.Schubert: Missa in G (Sanctus) [\/vc_column_text][\/vc_column][vc_column width=&#8221;1\/3&#8243;][vc_column_text] Choir Zvjezdice &amp; Ex Zvjezdice S. S. Mokranjac:<span class=\"read-more\"><a href=\"https:\/\/zvjezdice.hr\/en\/videoaudio\/\" title=\"Read More\">More<\/a><\/span><\/p>\n","protected":false},"author":1,"featured_media":0,"parent":0,"menu_order":0,"comment_status":"closed","ping_status":"closed","template":"page-blocks.php","meta":{"iawp_total_views":18,"footnotes":""},"class_list":["post-1088","page","type-page","status-publish"],"_links":{"self":[{"href":"https:\/\/zvjezdice.hr\/en\/wp-json\/wp\/v2\/pages\/1088","targetHints":{"allow":["GET"]}}],"collection":[{"href":"https:\/\/zvjezdice.hr\/en\/wp-json\/wp\/v2\/pages"}],"about":[{"href":"https:\/\/zvjezdice.hr\/en\/wp-json\/wp\/v2\/types\/page"}],"author":[{"embeddable":true,"href":"https:\/\/zvjezdice.hr\/en\/wp-json\/wp\/v2\/users\/1"}],"replies":[{"embeddable":true,"href":"https:\/\/zvjezdice.hr\/en\/wp-json\/wp\/v2\/comments?post=1088"}],"version-history":[{"count":5,"href":"https:\/\/zvjezdice.hr\/en\/wp-json\/wp\/v2\/pages\/1088\/revisions"}],"predecessor-version":[{"id":2104,"href":"https:\/\/zvjezdice.hr\/en\/wp-json\/wp\/v2\/pages\/1088\/revisions\/2104"}],"wp:attachment":[{"href":"https:\/\/zvjezdice.hr\/en\/wp-json\/wp\/v2\/media?parent=1088"}],"curies":[{"name":"wp","href":"https:\/\/api.w.org\/{rel}","templated":true}]}}