{"id":1078,"date":"2017-10-05T14:15:10","date_gmt":"2017-10-05T14:15:10","guid":{"rendered":"https:\/\/zvjezdice.hr\/?page_id=1078"},"modified":"2025-09-27T12:19:35","modified_gmt":"2025-09-27T11:19:35","slug":"organisation","status":"publish","type":"page","link":"https:\/\/zvjezdice.hr\/en\/organisation\/","title":{"rendered":"Organisation"},"content":{"rendered":"<div class=\"wpb-content-wrapper\">[vc_row][vc_column][vc_column_text css=&#8221;&#8221;]\n<h3 align=\"center\"><strong>Artistic director and conductor:<\/strong><\/h3>\n<p align=\"center\">Zdravko \u0160ljivac<\/p>\n<h3 align=\"center\"><strong>Producer<\/strong><\/h3>\n<p align=\"center\">Tihana Joki\u0107<\/p>\n<h3 align=\"center\">Assistent of the conductor<\/h3>\n<p align=\"center\">Marija An\u0111ela Biondi\u0107<\/p>\n<h3 align=\"center\">Head of the Vocal Studio<\/h3>\n<p align=\"center\">Dijana Rogulja Deltin<\/p>\n<h3 align=\"center\">Music associate and chaperone parent<\/h3>\n<p align=\"center\">Terezija&nbsp;Grilec&nbsp;Ne\u017emahen<\/p>\n<p style=\"margin-top: 50px;\" align=\"center\"><strong>GSM:+385 99 3554 903, +385 98 834 953<\/strong><strong><br \/>\n<\/strong><strong>Email:&nbsp;<span id=\"cloaka5d692e523eac6faf46cb95611ac735d\"><a href=\"mailto:littlestarszvjezdice@gmail.com\">littlestarszvjezdice@gmail.com<\/a><\/span><\/strong><strong><br \/>\n<\/strong><strong>Address:&nbsp;Kukuljevi\u0107eva 32, 10 000 Zagreb, Croatia<\/strong><\/p>\n[\/vc_column_text][\/vc_column][\/vc_row]\n<\/div>","protected":false},"excerpt":{"rendered":"<p>[vc_row][vc_column][vc_column_text css=&#8221;&#8221;] Artistic director and conductor: Zdravko \u0160ljivac Producer Tihana Joki\u0107 Assistent of the conductor Marija An\u0111ela Biondi\u0107 Head of the Vocal Studio Dijana Rogulja Deltin Music associate and chaperone parent Terezija&nbsp;Grilec&nbsp;Ne\u017emahen GSM:+385 99 3554 903, +385 98 834 953 Email:&nbsp;littlestarszvjezdice@gmail.com Address:&nbsp;Kukuljevi\u0107eva 32, 10 000 Zagreb, Croatia [\/vc_column_text][\/vc_column][\/vc_row]<\/p>\n","protected":false},"author":1,"featured_media":0,"parent":0,"menu_order":0,"comment_status":"closed","ping_status":"closed","template":"","meta":{"iawp_total_views":17,"footnotes":""},"class_list":["post-1078","page","type-page","status-publish"],"_links":{"self":[{"href":"https:\/\/zvjezdice.hr\/en\/wp-json\/wp\/v2\/pages\/1078","targetHints":{"allow":["GET"]}}],"collection":[{"href":"https:\/\/zvjezdice.hr\/en\/wp-json\/wp\/v2\/pages"}],"about":[{"href":"https:\/\/zvjezdice.hr\/en\/wp-json\/wp\/v2\/types\/page"}],"author":[{"embeddable":true,"href":"https:\/\/zvjezdice.hr\/en\/wp-json\/wp\/v2\/users\/1"}],"replies":[{"embeddable":true,"href":"https:\/\/zvjezdice.hr\/en\/wp-json\/wp\/v2\/comments?post=1078"}],"version-history":[{"count":11,"href":"https:\/\/zvjezdice.hr\/en\/wp-json\/wp\/v2\/pages\/1078\/revisions"}],"predecessor-version":[{"id":11908,"href":"https:\/\/zvjezdice.hr\/en\/wp-json\/wp\/v2\/pages\/1078\/revisions\/11908"}],"wp:attachment":[{"href":"https:\/\/zvjezdice.hr\/en\/wp-json\/wp\/v2\/media?parent=1078"}],"curies":[{"name":"wp","href":"https:\/\/api.w.org\/{rel}","templated":true}]}}